{"id":975,"date":"2024-10-02T18:30:54","date_gmt":"2024-10-02T16:30:54","guid":{"rendered":"https:\/\/clinicasobrinoymarin.com\/la-clinica-2\/"},"modified":"2025-01-15T10:58:56","modified_gmt":"2025-01-15T09:58:56","slug":"la-clinica","status":"publish","type":"page","link":"https:\/\/clinicasobrinoymarin.com\/uk\/la-clinica\/","title":{"rendered":"\u041a\u043b\u0456\u043d\u0456\u043a\u0430"},"content":{"rendered":"<div class=\"wpb-content-wrapper\">[vc_row css=&#8221;.vc_custom_1728394985098{background-image: url(http:\/\/clinicasobrinoymarin.com\/wp-content\/uploads\/2024\/10\/clinica-valencia-odontologia.jpg?id=246) !important;background-position: center !important;background-repeat: no-repeat !important;background-size: cover !important;}&#8221;][vc_column][vc_column_text css_animation=&#8221;fadeInLeft&#8221; css=&#8221;.vc_custom_1732010636778{padding-top: 7% !important;padding-bottom: 7% !important;}&#8221;]\n<h1 class=\"thin-font\" style=\"text-align: center;\"><span style=\"font-size: 140%;\" data-text-color=\"success\">\u0422\u0412\u0406 \u0427\u0418\u0421\u0422\u0410 \u0414\u0415\u041d\u0422\u0410\u041b\u042c\u041d\u0410 \u041a\u041b\u0406\u041d\u0406\u041a\u0410 \u0412 \u0412\u0410\u041b\u0415\u041d\u0421\u0406\u0407<\/span><\/h1>\n[\/vc_column_text][\/vc_column][\/vc_row][vc_row gap=&#8221;35&#8243; content_placement=&#8221;middle&#8221; css=&#8221;.vc_custom_1728395882501{padding-top: 5% !important;padding-right: 10% !important;padding-left: 10% !important;}&#8221;][vc_column width=&#8221;1\/2&#8243;][vc_column_text]\n<h2>\u041b\u0410\u0421\u041a\u0410\u0412\u041e \u041f\u0420\u041e\u0421\u0418\u041c\u041e \u0414\u041e \u041a\u041b\u0406\u041d\u0406\u041a\u0418 DENTAL SOBRINO &amp; MAR\u00cdN<\/h2>\n<p style=\"text-align: justify;\">\u0423 \u043d\u0430\u0448\u0456\u0439 <strong>\u0441\u0442\u043e\u043c\u0430\u0442\u043e\u043b\u043e\u0433\u0456\u0447\u043d\u0456\u0439 \u043a\u043b\u0456\u043d\u0456\u0446\u0456<\/strong>, \u0449\u043e \u0437\u043d\u0430\u0445\u043e\u0434\u0438\u0442\u044c\u0441\u044f \u043f\u043e\u0440\u0443\u0447 \u0437 <strong>\u043b\u0456\u043a\u0430\u0440\u043d\u0435\u044e la Fe<\/strong> \u0443 \u0412\u0430\u043b\u0435\u043d\u0441\u0456\u0457, \u043c\u0438 \u043f\u0440\u0430\u0433\u043d\u0435\u043c\u043e \u0437\u0430\u0431\u0435\u0437\u043f\u0435\u0447\u0438\u0442\u0438 \u0442\u043e\u0431\u0456 \u0441\u0442\u043e\u043c\u0430\u0442\u043e\u043b\u043e\u0433\u0456\u0447\u043d\u0435 \u043e\u0431\u0441\u043b\u0443\u0433\u043e\u0432\u0443\u0432\u0430\u043d\u043d\u044f \u043d\u0430\u0439\u0432\u0438\u0449\u043e\u0457 \u044f\u043a\u043e\u0441\u0442\u0456, \u0456\u043d\u0434\u0438\u0432\u0456\u0434\u0443\u0430\u043b\u044c\u043d\u0438\u0439 \u043f\u0456\u0434\u0445\u0456\u0434 \u0442\u0430 \u0434\u043e\u0431\u0440\u043e\u0437\u0438\u0447\u043b\u0438\u0432\u0435 \u0441\u0442\u0430\u0432\u043b\u0435\u043d\u043d\u044f. \u041d\u0430\u0448\u0430 \u043a\u043e\u043c\u0430\u043d\u0434\u0430 \u0432\u0438\u0441\u043e\u043a\u043e\u043a\u0432\u0430\u043b\u0456\u0444\u0456\u043a\u043e\u0432\u0430\u043d\u0438\u0445 \u0444\u0430\u0445\u0456\u0432\u0446\u0456\u0432 \u043c\u0430\u0454 \u0432\u0435\u043b\u0438\u043a\u0438\u0439 \u0434\u043e\u0441\u0432\u0456\u0434 \u0432 \u0433\u0430\u043b\u0443\u0437\u0456 \u0441\u0443\u0447\u0430\u0441\u043d\u043e\u0457 \u0441\u0442\u043e\u043c\u0430\u0442\u043e\u043b\u043e\u0433\u0456\u0457, \u0449\u043e\u0431 \u0433\u0430\u0440\u0430\u043d\u0442\u0443\u0432\u0430\u0442\u0438 \u0442\u043e\u0431\u0456 \u043d\u0430\u0439\u043a\u0440\u0430\u0449\u0438\u0439 \u0441\u0435\u0440\u0432\u0456\u0441 \u0443 \u043a\u043e\u043c\u0444\u043e\u0440\u0442\u043d\u0456\u0439 \u0442\u0430 \u0441\u0443\u0447\u0430\u0441\u043d\u0456\u0439 \u043e\u0431\u0441\u0442\u0430\u043d\u043e\u0432\u0446\u0456.<\/p>\n<p style=\"text-align: justify;\">\u041d\u0430\u0448\u0430 \u043c\u0456\u0441\u0456\u044f \u2014 \u043d\u0430\u0434\u0430\u0432\u0430\u0442\u0438 \u0442\u043e\u0431\u0456 \u0441\u0442\u043e\u043c\u0430\u0442\u043e\u043b\u043e\u0433\u0456\u0447\u043d\u0456 \u043f\u043e\u0441\u043b\u0443\u0433\u0438 \u0432\u0438\u0441\u043e\u043a\u043e\u0457 \u044f\u043a\u043e\u0441\u0442\u0456 \u0437 \u0430\u043a\u0446\u0435\u043d\u0442\u043e\u043c \u043d\u0430 \u0437\u0434\u043e\u0440\u043e\u0432&#8217;\u044f, \u0435\u0441\u0442\u0435\u0442\u0438\u043a\u0443 \u0442\u0430 \u0434\u043e\u0431\u0440\u043e\u0431\u0443\u0442. \u041c\u0438 \u043f\u0440\u043e\u043f\u043e\u043d\u0443\u0454\u043c\u043e \u0448\u0438\u0440\u043e\u043a\u0438\u0439 \u0441\u043f\u0435\u043a\u0442\u0440 \u043f\u043e\u0441\u043b\u0443\u0433, \u0432\u0456\u0434 \u043f\u0440\u043e\u0444\u0456\u043b\u0430\u043a\u0442\u0438\u0447\u043d\u0438\u0445 \u043e\u0433\u043b\u044f\u0434\u0456\u0432 \u0434\u043e \u0441\u043f\u0435\u0446\u0456\u0430\u043b\u0456\u0437\u043e\u0432\u0430\u043d\u0438\u0445 \u043f\u0440\u043e\u0446\u0435\u0434\u0443\u0440, \u0442\u0430\u043a\u0438\u0445 \u044f\u043a <strong>\u0456\u043c\u043f\u043b\u0430\u043d\u0442\u043e\u043b\u043e\u0433\u0456\u044f, \u043e\u0440\u0442\u043e\u0434\u043e\u043d\u0442\u0456\u044f, \u0435\u0441\u0442\u0435\u0442\u0438\u0447\u043d\u0430 \u0441\u0442\u043e\u043c\u0430\u0442\u043e\u043b\u043e\u0433\u0456\u044f \u0442\u0430 \u043e\u0440\u0430\u043b\u044c\u043d\u0430 \u0440\u0435\u0430\u0431\u0456\u043b\u0456\u0442\u0430\u0446\u0456\u044f.<\/strong><\/p>\n<p style=\"text-align: justify;\">\u0423 <strong>Cl\u00ednica Dental Sobrino &amp; Mar\u00edn<\/strong> \u043c\u0438 \u0432\u0438\u043a\u043e\u0440\u0438\u0441\u0442\u043e\u0432\u0443\u0454\u043c\u043e \u043d\u0430\u0439\u0441\u0443\u0447\u0430\u0441\u043d\u0456\u0448\u0456 \u0442\u0435\u0445\u043d\u043e\u043b\u043e\u0433\u0456\u0457 \u0442\u0430 \u0432\u0438\u0441\u043e\u043a\u043e\u044f\u043a\u0456\u0441\u043d\u0456 \u043c\u0430\u0442\u0435\u0440\u0456\u0430\u043b\u0438 \u0434\u043b\u044f \u0437\u0430\u0431\u0435\u0437\u043f\u0435\u0447\u0435\u043d\u043d\u044f \u043e\u043f\u0442\u0438\u043c\u0430\u043b\u044c\u043d\u0438\u0445 \u0442\u0430 \u0434\u043e\u0432\u0433\u043e\u0432\u0456\u0447\u043d\u0438\u0445 \u0440\u0435\u0437\u0443\u043b\u044c\u0442\u0430\u0442\u0456\u0432. \u041c\u0438 \u043f\u0456\u043a\u043b\u0443\u0454\u043c\u043e\u0441\u044c \u043d\u0435 \u043b\u0438\u0448\u0435 \u043f\u0440\u043e \u0442\u0432\u043e\u0454 \u0437\u0434\u043e\u0440\u043e\u0432&#8217;\u044f \u043f\u043e\u0440\u043e\u0436\u043d\u0438\u043d\u0438 \u0440\u043e\u0442\u0430, \u0430\u043b\u0435 \u0439 \u043f\u0440\u043e \u0442\u0432\u043e\u0454 \u0437\u0430\u0434\u043e\u0432\u043e\u043b\u0435\u043d\u043d\u044f, \u0442\u043e\u043c\u0443 \u043f\u0440\u0430\u0446\u044e\u0454\u043c\u043e \u0437 \u043a\u043e\u043c\u043f\u043b\u0435\u043a\u0441\u043d\u0438\u043c \u043f\u0456\u0434\u0445\u043e\u0434\u043e\u043c, \u044f\u043a\u0438\u0439 \u0441\u0443\u043f\u0440\u043e\u0432\u043e\u0434\u0436\u0443\u0454 \u0442\u0435\u0431\u0435 \u043d\u0430 \u043a\u043e\u0436\u043d\u043e\u043c\u0443 \u0435\u0442\u0430\u043f\u0456 \u043b\u0456\u043a\u0443\u0432\u0430\u043d\u043d\u044f.<\/p>\n[\/vc_column_text][\/vc_column][vc_column width=&#8221;1\/2&#8243;][vc_single_image image=&#8221;248&#8243; img_size=&#8221;full&#8221; alignment=&#8221;center&#8221;][\/vc_column][\/vc_row][vc_row css=&#8221;.vc_custom_1728042688741{padding-top: 4% !important;}&#8221;][vc_column width=&#8221;1\/3&#8243;][\/vc_column][vc_column width=&#8221;1\/3&#8243;][vc_single_image image=&#8221;80&#8243; img_size=&#8221;full&#8221; alignment=&#8221;center&#8221; css_animation=&#8221;fadeInLeft&#8221;][\/vc_column][vc_column width=&#8221;1\/3&#8243;][\/vc_column][\/vc_row][vc_row gap=&#8221;35&#8243; content_placement=&#8221;middle&#8221; css=&#8221;.vc_custom_1728396396043{padding-top: 5% !important;padding-right: 10% !important;padding-bottom: 4% !important;padding-left: 10% !important;}&#8221;][vc_column width=&#8221;1\/3&#8243;][vc_single_image image=&#8221;257&#8243; img_size=&#8221;full&#8221; alignment=&#8221;center&#8221;][\/vc_column][vc_column width=&#8221;1\/3&#8243;][vc_single_image image=&#8221;250&#8243; img_size=&#8221;full&#8221; alignment=&#8221;center&#8221;][\/vc_column][vc_column width=&#8221;1\/3&#8243;][vc_single_image image=&#8221;255&#8243; img_size=&#8221;full&#8221; alignment=&#8221;center&#8221;][\/vc_column][\/vc_row][vc_row css=&#8221;.vc_custom_1736515046683{padding-right: 15% !important;padding-left: 15% !important;}&#8221;][vc_column width=&#8221;1\/4&#8243;][\/vc_column][vc_column width=&#8221;1\/2&#8243;][vc_single_image image=&#8221;1440&#8243; img_size=&#8221;full&#8221; alignment=&#8221;center&#8221; css_animation=&#8221;fadeInLeft&#8221;][\/vc_column][vc_column width=&#8221;1\/4&#8243;][\/vc_column][\/vc_row][vc_row css=&#8221;.vc_custom_1728049623803{padding-top: 5% !important;padding-bottom: 5% !important;background-color: #f7f7f7 !important;background-position: center !important;background-repeat: no-repeat !important;background-size: cover !important;}&#8221;][vc_column][vc_column_text css=&#8221;.vc_custom_1732010707186{padding-bottom: 2% !important;}&#8221;]\n<p style=\"text-align: center;\"><strong style=\"font-size: 14.4px;\"><span style=\"font-size: 140%;\">\u0412\u0456\u0434\u0432\u0456\u0434\u0430\u0439 \u043d\u0430\u0441 \u0456 \u0432\u0456\u0434\u043a\u0440\u0438\u0439 \u043d\u043e\u0432\u0438\u0439 \u0434\u043e\u0441\u0432\u0456\u0434 \u0443 \u0434\u043e\u0433\u043b\u044f\u0434\u0456 \u0437\u0430 \u0437\u0443\u0431\u0430\u043c\u0438, \u0434\u0435 \u0442\u0432\u043e\u044f \u0443\u0441\u043c\u0456\u0448\u043a\u0430 \u2014 \u043d\u0430\u0448 \u043f\u0440\u0456\u043e\u0440\u0438\u0442\u0435\u0442.<\/span><\/strong><\/p>\n[\/vc_column_text][mvc_advanced_button align=&#8221;center&#8221; btn_text=&#8221;\u0417\u0410\u041f\u0418\u0421\u0410\u0422\u0418\u0421\u042f \u041d\u0410 \u041f\u0420\u041e\u0411\u041d\u0415 \u0412\u0406\u0414\u0412\u0406\u0414\u0423\u0412\u0410\u041d\u041d\u042f&#8221; border_style=&#8221;solid&#8221; border_width=&#8221;2&#8243; btn_url=&#8221;url:https%3A%2F%2Fclinicasobrinoymarin.com%2Fuk%2Fcontacto%2F&#8221; btn_clr=&#8221;#43b7b6&#8243; btn_bg=&#8221;#ffffff&#8221; btn_hvrclr=&#8221;#ffffff&#8221; btn_hvrbg=&#8221;#43b7b6&#8243; btn_border=&#8221;#43b7b6&#8243;][\/vc_column][\/vc_row]\n<\/div>","protected":false},"excerpt":{"rendered":"[vc_row css=&#8221;.vc_custom_1728394985098{background-image: url(http:\/\/clinicasobrinoymarin.com\/wp-content\/uploads\/2024\/10\/clinica-valencia-odontologia.jpg?id=246) !important;background-position: center !important;background-repeat: no-repeat !important;background-size: cover !important;}&#8221;][vc_column][vc_column_text css_animation=&#8221;fadeInLeft&#8221; css=&#8221;.vc_custom_1732010636778{padding-top: 7% !important;padding-bottom: 7% !important;}&#8221;] \u0422\u0412\u0406 \u0427\u0418\u0421\u0422\u0410 \u0414\u0415\u041d\u0422\u0410\u041b\u042c\u041d\u0410 \u041a\u041b\u0406\u041d\u0406\u041a\u0410 \u0412 \u0412\u0410\u041b\u0415\u041d\u0421\u0406\u0407 [\/vc_column_text][\/vc_column][\/vc_row][vc_row gap=&#8221;35&#8243; content_placement=&#8221;middle&#8221; css=&#8221;.vc_custom_1728395882501{padding-top: 5% !important;padding-right: 10% !important;padding-left: 10% !important;}&#8221;][vc_column width=&#8221;1\/2&#8243;][vc_column_text] \u041b\u0410\u0421\u041a\u0410\u0412\u041e \u041f\u0420\u041e\u0421\u0418\u041c\u041e \u0414\u041e \u041a\u041b\u0406\u041d\u0406\u041a\u0418 DENTAL SOBRINO &amp; MAR\u00cdN \u0423 \u043d\u0430\u0448\u0456\u0439 \u0441\u0442\u043e\u043c\u0430\u0442\u043e\u043b\u043e\u0433\u0456\u0447\u043d\u0456\u0439 \u043a\u043b\u0456\u043d\u0456\u0446\u0456, \u0449\u043e \u0437\u043d\u0430\u0445\u043e\u0434\u0438\u0442\u044c\u0441\u044f \u043f\u043e\u0440\u0443\u0447 \u0437 \u043b\u0456\u043a\u0430\u0440\u043d\u0435\u044e la Fe \u0443 \u0412\u0430\u043b\u0435\u043d\u0441\u0456\u0457, \u043c\u0438 [&#8230;]\n","protected":false},"author":2,"featured_media":580,"parent":0,"menu_order":0,"comment_status":"closed","ping_status":"closed","template":"page-blank.php","meta":{"footnotes":""},"class_list":["post-975","page","type-page","status-publish","has-post-thumbnail","hentry"],"yoast_head":"<!-- This site is optimized with the Yoast SEO plugin v25.8 - https:\/\/yoast.com\/wordpress\/plugins\/seo\/ -->\n<title>\u041a\u043b\u0456\u043d\u0456\u043a\u0430 - \u0421\u0442\u043e\u043c\u0430\u0442\u043e\u043b\u043e\u0433\u0456\u0447\u043d\u0430 \u043a\u043b\u0456\u043d\u0456\u043a\u0430 Sobrino y Mar\u00edn<\/title>\n<meta name=\"description\" content=\"\u041d\u0430\u0448\u0430 \u043c\u0456\u0441\u0456\u044f \u2014 \u043d\u0430\u0434\u0430\u0432\u0430\u0442\u0438 \u0432\u0430\u043c \u044f\u043a\u0456\u0441\u043d\u0456 \u0441\u0442\u043e\u043c\u0430\u0442\u043e\u043b\u043e\u0433\u0456\u0447\u043d\u0456 \u043f\u043e\u0441\u043b\u0443\u0433\u0438 \u0437 \u0430\u043a\u0446\u0435\u043d\u0442\u043e\u043c \u043d\u0430 \u0437\u0434\u043e\u0440\u043e\u0432\u2019\u044f, \u0435\u0441\u0442\u0435\u0442\u0438\u043a\u0443 \u0442\u0430 \u0437\u0430\u0433\u0430\u043b\u044c\u043d\u0438\u0439 \u0434\u043e\u0431\u0440\u043e\u0431\u0443\u0442.\" \/>\n<meta name=\"robots\" content=\"index, follow, max-snippet:-1, max-image-preview:large, max-video-preview:-1\" \/>\n<link rel=\"canonical\" href=\"https:\/\/clinicasobrinoymarin.com\/uk\/la-clinica\/\" \/>\n<meta property=\"og:locale\" content=\"uk_UA\" \/>\n<meta property=\"og:type\" content=\"article\" \/>\n<meta property=\"og:title\" content=\"\u041a\u043b\u0456\u043d\u0456\u043a\u0430 - \u0421\u0442\u043e\u043c\u0430\u0442\u043e\u043b\u043e\u0433\u0456\u0447\u043d\u0430 \u043a\u043b\u0456\u043d\u0456\u043a\u0430 Sobrino y Mar\u00edn\" \/>\n<meta property=\"og:description\" content=\"\u041d\u0430\u0448\u0430 \u043c\u0456\u0441\u0456\u044f \u2014 \u043d\u0430\u0434\u0430\u0432\u0430\u0442\u0438 \u0432\u0430\u043c \u044f\u043a\u0456\u0441\u043d\u0456 \u0441\u0442\u043e\u043c\u0430\u0442\u043e\u043b\u043e\u0433\u0456\u0447\u043d\u0456 \u043f\u043e\u0441\u043b\u0443\u0433\u0438 \u0437 \u0430\u043a\u0446\u0435\u043d\u0442\u043e\u043c \u043d\u0430 \u0437\u0434\u043e\u0440\u043e\u0432\u2019\u044f, \u0435\u0441\u0442\u0435\u0442\u0438\u043a\u0443 \u0442\u0430 \u0437\u0430\u0433\u0430\u043b\u044c\u043d\u0438\u0439 \u0434\u043e\u0431\u0440\u043e\u0431\u0443\u0442.\" \/>\n<meta property=\"og:url\" content=\"https:\/\/clinicasobrinoymarin.com\/uk\/la-clinica\/\" \/>\n<meta property=\"og:site_name\" content=\"Cl\u00ednica Dental Sobrino y Mar\u00edn\" \/>\n<meta property=\"article:modified_time\" content=\"2025-01-15T09:58:56+00:00\" \/>\n<meta property=\"og:image\" content=\"http:\/\/clinicasobrinoymarin.com\/wp-content\/uploads\/2024\/10\/Clinica-Dental-Valencia-recepcion.jpeg\" \/>\n\t<meta property=\"og:image:width\" content=\"2189\" \/>\n\t<meta property=\"og:image:height\" content=\"1459\" \/>\n\t<meta property=\"og:image:type\" content=\"image\/jpeg\" \/>\n<meta name=\"twitter:card\" content=\"summary_large_image\" \/>\n<meta name=\"twitter:label1\" content=\"\u041f\u0440\u0438\u0431\u043b. \u0447\u0430\u0441 \u0447\u0438\u0442\u0430\u043d\u043d\u044f\" \/>\n\t<meta name=\"twitter:data1\" content=\"3 \u0445\u0432\u0438\u043b\u0438\u043d\u0438\" \/>\n<script type=\"application\/ld+json\" class=\"yoast-schema-graph\">{\"@context\":\"https:\/\/schema.org\",\"@graph\":[{\"@type\":\"WebPage\",\"@id\":\"https:\/\/clinicasobrinoymarin.com\/uk\/la-clinica\/\",\"url\":\"https:\/\/clinicasobrinoymarin.com\/uk\/la-clinica\/\",\"name\":\"\u041a\u043b\u0456\u043d\u0456\u043a\u0430 - \u0421\u0442\u043e\u043c\u0430\u0442\u043e\u043b\u043e\u0433\u0456\u0447\u043d\u0430 \u043a\u043b\u0456\u043d\u0456\u043a\u0430 Sobrino y Mar\u00edn\",\"isPartOf\":{\"@id\":\"https:\/\/clinicasobrinoymarin.com\/uk\/#website\"},\"primaryImageOfPage\":{\"@id\":\"https:\/\/clinicasobrinoymarin.com\/uk\/la-clinica\/#primaryimage\"},\"image\":{\"@id\":\"https:\/\/clinicasobrinoymarin.com\/uk\/la-clinica\/#primaryimage\"},\"thumbnailUrl\":\"https:\/\/clinicasobrinoymarin.com\/wp-content\/uploads\/2024\/10\/Clinica-Dental-Valencia-recepcion.jpeg\",\"datePublished\":\"2024-10-02T16:30:54+00:00\",\"dateModified\":\"2025-01-15T09:58:56+00:00\",\"description\":\"\u041d\u0430\u0448\u0430 \u043c\u0456\u0441\u0456\u044f \u2014 \u043d\u0430\u0434\u0430\u0432\u0430\u0442\u0438 \u0432\u0430\u043c \u044f\u043a\u0456\u0441\u043d\u0456 \u0441\u0442\u043e\u043c\u0430\u0442\u043e\u043b\u043e\u0433\u0456\u0447\u043d\u0456 \u043f\u043e\u0441\u043b\u0443\u0433\u0438 \u0437 \u0430\u043a\u0446\u0435\u043d\u0442\u043e\u043c \u043d\u0430 \u0437\u0434\u043e\u0440\u043e\u0432\u2019\u044f, \u0435\u0441\u0442\u0435\u0442\u0438\u043a\u0443 \u0442\u0430 \u0437\u0430\u0433\u0430\u043b\u044c\u043d\u0438\u0439 \u0434\u043e\u0431\u0440\u043e\u0431\u0443\u0442.\",\"breadcrumb\":{\"@id\":\"https:\/\/clinicasobrinoymarin.com\/uk\/la-clinica\/#breadcrumb\"},\"inLanguage\":\"uk\",\"potentialAction\":[{\"@type\":\"ReadAction\",\"target\":[\"https:\/\/clinicasobrinoymarin.com\/uk\/la-clinica\/\"]}]},{\"@type\":\"ImageObject\",\"inLanguage\":\"uk\",\"@id\":\"https:\/\/clinicasobrinoymarin.com\/uk\/la-clinica\/#primaryimage\",\"url\":\"https:\/\/clinicasobrinoymarin.com\/wp-content\/uploads\/2024\/10\/Clinica-Dental-Valencia-recepcion.jpeg\",\"contentUrl\":\"https:\/\/clinicasobrinoymarin.com\/wp-content\/uploads\/2024\/10\/Clinica-Dental-Valencia-recepcion.jpeg\",\"width\":2189,\"height\":1459,\"caption\":\"\u0420\u0435\u0446\u0435\u043f\u0446\u0456\u044f \u0441\u0442\u043e\u043c\u0430\u0442\u043e\u043b\u043e\u0433\u0456\u0447\u043d\u043e\u0457 \u043a\u043b\u0456\u043d\u0456\u043a\u0438 Sobrino y Mar\u00edn \u0437 \u043c\u0456\u043d\u0456\u043c\u0430\u043b\u0456\u0441\u0442\u0438\u0447\u043d\u0438\u043c \u0434\u0438\u0437\u0430\u0439\u043d\u043e\u043c \u0443 \u0412\u0430\u043b\u0435\u043d\u0441\u0456\u0457.\"},{\"@type\":\"BreadcrumbList\",\"@id\":\"https:\/\/clinicasobrinoymarin.com\/uk\/la-clinica\/#breadcrumb\",\"itemListElement\":[{\"@type\":\"ListItem\",\"position\":1,\"name\":\"Portada\",\"item\":\"https:\/\/clinicasobrinoymarin.com\/uk\/\"},{\"@type\":\"ListItem\",\"position\":2,\"name\":\"\u041a\u043b\u0456\u043d\u0456\u043a\u0430\"}]},{\"@type\":\"WebSite\",\"@id\":\"https:\/\/clinicasobrinoymarin.com\/uk\/#website\",\"url\":\"https:\/\/clinicasobrinoymarin.com\/uk\/\",\"name\":\"Cl\u00ednica Dental Sobrino y Mar\u00edn\",\"description\":\"Sobrino &amp; Mar\u00edn. Odontolog\u00eda en Valencia. Ortodoncia, endodoncia, odontopediatr\u00eda, est\u00e9tica dental.\",\"publisher\":{\"@id\":\"https:\/\/clinicasobrinoymarin.com\/uk\/#organization\"},\"alternateName\":\"Cl\u00ednica Dental Sobrino & Mar\u00edn\",\"potentialAction\":[{\"@type\":\"SearchAction\",\"target\":{\"@type\":\"EntryPoint\",\"urlTemplate\":\"https:\/\/clinicasobrinoymarin.com\/uk\/?s={search_term_string}\"},\"query-input\":{\"@type\":\"PropertyValueSpecification\",\"valueRequired\":true,\"valueName\":\"search_term_string\"}}],\"inLanguage\":\"uk\"},{\"@type\":\"Organization\",\"@id\":\"https:\/\/clinicasobrinoymarin.com\/uk\/#organization\",\"name\":\"Cl\u00ednica Dental Sobrino y Mar\u00edn Valencia\",\"alternateName\":\"Cl\u00ednica Dental Sobrino & Mar\u00edn\",\"url\":\"https:\/\/clinicasobrinoymarin.com\/uk\/\",\"logo\":{\"@type\":\"ImageObject\",\"inLanguage\":\"uk\",\"@id\":\"https:\/\/clinicasobrinoymarin.com\/uk\/#\/schema\/logo\/image\/\",\"url\":\"https:\/\/clinicasobrinoymarin.com\/wp-content\/uploads\/2024\/06\/PNG-Negro.png\",\"contentUrl\":\"https:\/\/clinicasobrinoymarin.com\/wp-content\/uploads\/2024\/06\/PNG-Negro.png\",\"width\":832,\"height\":702,\"caption\":\"Cl\u00ednica Dental Sobrino y Mar\u00edn Valencia\"},\"image\":{\"@id\":\"https:\/\/clinicasobrinoymarin.com\/uk\/#\/schema\/logo\/image\/\"},\"sameAs\":[\"https:\/\/www.instagram.com\/clinicasobrinoymarin\/\"]}]}<\/script>\n<!-- \/ Yoast SEO plugin. -->","yoast_head_json":{"title":"\u041a\u043b\u0456\u043d\u0456\u043a\u0430 - \u0421\u0442\u043e\u043c\u0430\u0442\u043e\u043b\u043e\u0433\u0456\u0447\u043d\u0430 \u043a\u043b\u0456\u043d\u0456\u043a\u0430 Sobrino y Mar\u00edn","description":"\u041d\u0430\u0448\u0430 \u043c\u0456\u0441\u0456\u044f \u2014 \u043d\u0430\u0434\u0430\u0432\u0430\u0442\u0438 \u0432\u0430\u043c \u044f\u043a\u0456\u0441\u043d\u0456 \u0441\u0442\u043e\u043c\u0430\u0442\u043e\u043b\u043e\u0433\u0456\u0447\u043d\u0456 \u043f\u043e\u0441\u043b\u0443\u0433\u0438 \u0437 \u0430\u043a\u0446\u0435\u043d\u0442\u043e\u043c \u043d\u0430 \u0437\u0434\u043e\u0440\u043e\u0432\u2019\u044f, \u0435\u0441\u0442\u0435\u0442\u0438\u043a\u0443 \u0442\u0430 \u0437\u0430\u0433\u0430\u043b\u044c\u043d\u0438\u0439 \u0434\u043e\u0431\u0440\u043e\u0431\u0443\u0442.","robots":{"index":"index","follow":"follow","max-snippet":"max-snippet:-1","max-image-preview":"max-image-preview:large","max-video-preview":"max-video-preview:-1"},"canonical":"https:\/\/clinicasobrinoymarin.com\/uk\/la-clinica\/","og_locale":"uk_UA","og_type":"article","og_title":"\u041a\u043b\u0456\u043d\u0456\u043a\u0430 - \u0421\u0442\u043e\u043c\u0430\u0442\u043e\u043b\u043e\u0433\u0456\u0447\u043d\u0430 \u043a\u043b\u0456\u043d\u0456\u043a\u0430 Sobrino y Mar\u00edn","og_description":"\u041d\u0430\u0448\u0430 \u043c\u0456\u0441\u0456\u044f \u2014 \u043d\u0430\u0434\u0430\u0432\u0430\u0442\u0438 \u0432\u0430\u043c \u044f\u043a\u0456\u0441\u043d\u0456 \u0441\u0442\u043e\u043c\u0430\u0442\u043e\u043b\u043e\u0433\u0456\u0447\u043d\u0456 \u043f\u043e\u0441\u043b\u0443\u0433\u0438 \u0437 \u0430\u043a\u0446\u0435\u043d\u0442\u043e\u043c \u043d\u0430 \u0437\u0434\u043e\u0440\u043e\u0432\u2019\u044f, \u0435\u0441\u0442\u0435\u0442\u0438\u043a\u0443 \u0442\u0430 \u0437\u0430\u0433\u0430\u043b\u044c\u043d\u0438\u0439 \u0434\u043e\u0431\u0440\u043e\u0431\u0443\u0442.","og_url":"https:\/\/clinicasobrinoymarin.com\/uk\/la-clinica\/","og_site_name":"Cl\u00ednica Dental Sobrino y Mar\u00edn","article_modified_time":"2025-01-15T09:58:56+00:00","og_image":[{"width":2189,"height":1459,"url":"http:\/\/clinicasobrinoymarin.com\/wp-content\/uploads\/2024\/10\/Clinica-Dental-Valencia-recepcion.jpeg","type":"image\/jpeg"}],"twitter_card":"summary_large_image","twitter_misc":{"\u041f\u0440\u0438\u0431\u043b. \u0447\u0430\u0441 \u0447\u0438\u0442\u0430\u043d\u043d\u044f":"3 \u0445\u0432\u0438\u043b\u0438\u043d\u0438"},"schema":{"@context":"https:\/\/schema.org","@graph":[{"@type":"WebPage","@id":"https:\/\/clinicasobrinoymarin.com\/uk\/la-clinica\/","url":"https:\/\/clinicasobrinoymarin.com\/uk\/la-clinica\/","name":"\u041a\u043b\u0456\u043d\u0456\u043a\u0430 - \u0421\u0442\u043e\u043c\u0430\u0442\u043e\u043b\u043e\u0433\u0456\u0447\u043d\u0430 \u043a\u043b\u0456\u043d\u0456\u043a\u0430 Sobrino y Mar\u00edn","isPartOf":{"@id":"https:\/\/clinicasobrinoymarin.com\/uk\/#website"},"primaryImageOfPage":{"@id":"https:\/\/clinicasobrinoymarin.com\/uk\/la-clinica\/#primaryimage"},"image":{"@id":"https:\/\/clinicasobrinoymarin.com\/uk\/la-clinica\/#primaryimage"},"thumbnailUrl":"https:\/\/clinicasobrinoymarin.com\/wp-content\/uploads\/2024\/10\/Clinica-Dental-Valencia-recepcion.jpeg","datePublished":"2024-10-02T16:30:54+00:00","dateModified":"2025-01-15T09:58:56+00:00","description":"\u041d\u0430\u0448\u0430 \u043c\u0456\u0441\u0456\u044f \u2014 \u043d\u0430\u0434\u0430\u0432\u0430\u0442\u0438 \u0432\u0430\u043c \u044f\u043a\u0456\u0441\u043d\u0456 \u0441\u0442\u043e\u043c\u0430\u0442\u043e\u043b\u043e\u0433\u0456\u0447\u043d\u0456 \u043f\u043e\u0441\u043b\u0443\u0433\u0438 \u0437 \u0430\u043a\u0446\u0435\u043d\u0442\u043e\u043c \u043d\u0430 \u0437\u0434\u043e\u0440\u043e\u0432\u2019\u044f, \u0435\u0441\u0442\u0435\u0442\u0438\u043a\u0443 \u0442\u0430 \u0437\u0430\u0433\u0430\u043b\u044c\u043d\u0438\u0439 \u0434\u043e\u0431\u0440\u043e\u0431\u0443\u0442.","breadcrumb":{"@id":"https:\/\/clinicasobrinoymarin.com\/uk\/la-clinica\/#breadcrumb"},"inLanguage":"uk","potentialAction":[{"@type":"ReadAction","target":["https:\/\/clinicasobrinoymarin.com\/uk\/la-clinica\/"]}]},{"@type":"ImageObject","inLanguage":"uk","@id":"https:\/\/clinicasobrinoymarin.com\/uk\/la-clinica\/#primaryimage","url":"https:\/\/clinicasobrinoymarin.com\/wp-content\/uploads\/2024\/10\/Clinica-Dental-Valencia-recepcion.jpeg","contentUrl":"https:\/\/clinicasobrinoymarin.com\/wp-content\/uploads\/2024\/10\/Clinica-Dental-Valencia-recepcion.jpeg","width":2189,"height":1459,"caption":"\u0420\u0435\u0446\u0435\u043f\u0446\u0456\u044f \u0441\u0442\u043e\u043c\u0430\u0442\u043e\u043b\u043e\u0433\u0456\u0447\u043d\u043e\u0457 \u043a\u043b\u0456\u043d\u0456\u043a\u0438 Sobrino y Mar\u00edn \u0437 \u043c\u0456\u043d\u0456\u043c\u0430\u043b\u0456\u0441\u0442\u0438\u0447\u043d\u0438\u043c \u0434\u0438\u0437\u0430\u0439\u043d\u043e\u043c \u0443 \u0412\u0430\u043b\u0435\u043d\u0441\u0456\u0457."},{"@type":"BreadcrumbList","@id":"https:\/\/clinicasobrinoymarin.com\/uk\/la-clinica\/#breadcrumb","itemListElement":[{"@type":"ListItem","position":1,"name":"Portada","item":"https:\/\/clinicasobrinoymarin.com\/uk\/"},{"@type":"ListItem","position":2,"name":"\u041a\u043b\u0456\u043d\u0456\u043a\u0430"}]},{"@type":"WebSite","@id":"https:\/\/clinicasobrinoymarin.com\/uk\/#website","url":"https:\/\/clinicasobrinoymarin.com\/uk\/","name":"Cl\u00ednica Dental Sobrino y Mar\u00edn","description":"Sobrino &amp; Mar\u00edn. Odontolog\u00eda en Valencia. Ortodoncia, endodoncia, odontopediatr\u00eda, est\u00e9tica dental.","publisher":{"@id":"https:\/\/clinicasobrinoymarin.com\/uk\/#organization"},"alternateName":"Cl\u00ednica Dental Sobrino & Mar\u00edn","potentialAction":[{"@type":"SearchAction","target":{"@type":"EntryPoint","urlTemplate":"https:\/\/clinicasobrinoymarin.com\/uk\/?s={search_term_string}"},"query-input":{"@type":"PropertyValueSpecification","valueRequired":true,"valueName":"search_term_string"}}],"inLanguage":"uk"},{"@type":"Organization","@id":"https:\/\/clinicasobrinoymarin.com\/uk\/#organization","name":"Cl\u00ednica Dental Sobrino y Mar\u00edn Valencia","alternateName":"Cl\u00ednica Dental Sobrino & Mar\u00edn","url":"https:\/\/clinicasobrinoymarin.com\/uk\/","logo":{"@type":"ImageObject","inLanguage":"uk","@id":"https:\/\/clinicasobrinoymarin.com\/uk\/#\/schema\/logo\/image\/","url":"https:\/\/clinicasobrinoymarin.com\/wp-content\/uploads\/2024\/06\/PNG-Negro.png","contentUrl":"https:\/\/clinicasobrinoymarin.com\/wp-content\/uploads\/2024\/06\/PNG-Negro.png","width":832,"height":702,"caption":"Cl\u00ednica Dental Sobrino y Mar\u00edn Valencia"},"image":{"@id":"https:\/\/clinicasobrinoymarin.com\/uk\/#\/schema\/logo\/image\/"},"sameAs":["https:\/\/www.instagram.com\/clinicasobrinoymarin\/"]}]}},"_links":{"self":[{"href":"https:\/\/clinicasobrinoymarin.com\/uk\/wp-json\/wp\/v2\/pages\/975","targetHints":{"allow":["GET"]}}],"collection":[{"href":"https:\/\/clinicasobrinoymarin.com\/uk\/wp-json\/wp\/v2\/pages"}],"about":[{"href":"https:\/\/clinicasobrinoymarin.com\/uk\/wp-json\/wp\/v2\/types\/page"}],"author":[{"embeddable":true,"href":"https:\/\/clinicasobrinoymarin.com\/uk\/wp-json\/wp\/v2\/users\/2"}],"replies":[{"embeddable":true,"href":"https:\/\/clinicasobrinoymarin.com\/uk\/wp-json\/wp\/v2\/comments?post=975"}],"version-history":[{"count":6,"href":"https:\/\/clinicasobrinoymarin.com\/uk\/wp-json\/wp\/v2\/pages\/975\/revisions"}],"predecessor-version":[{"id":1491,"href":"https:\/\/clinicasobrinoymarin.com\/uk\/wp-json\/wp\/v2\/pages\/975\/revisions\/1491"}],"wp:featuredmedia":[{"embeddable":true,"href":"https:\/\/clinicasobrinoymarin.com\/uk\/wp-json\/wp\/v2\/media\/580"}],"wp:attachment":[{"href":"https:\/\/clinicasobrinoymarin.com\/uk\/wp-json\/wp\/v2\/media?parent=975"}],"curies":[{"name":"wp","href":"https:\/\/api.w.org\/{rel}","templated":true}]}}