{"id":769,"date":"2024-06-14T16:54:55","date_gmt":"2024-06-14T14:54:55","guid":{"rendered":"https:\/\/clinicasobrinoymarin.com\/politica-privacidad\/"},"modified":"2024-06-14T16:54:55","modified_gmt":"2024-06-14T14:54:55","slug":"politica-privacidad","status":"publish","type":"page","link":"https:\/\/clinicasobrinoymarin.com\/uk\/politica-privacidad\/","title":{"rendered":"Pol\u00edtica de privacidad"},"content":{"rendered":"<p><strong>POLITICA DE PRIVACIDAD<\/strong><\/p>\n<p>La informaci\u00f3n que el usuario nos facilite a trav\u00e9s del sitio web antes mencionado, previo su consentimiento, puede comprender datos como el nombre, la denominaci\u00f3n social, tel\u00e9fono, correo electr\u00f3nico, etc., que ser\u00e1n utilizados exclusivamente para dar respuesta a las cuestiones que el usuario plantee o la informaci\u00f3n que solicite. Si el usuario da su conformidad, podr\u00e1 utilizarse tambi\u00e9n dicha informaci\u00f3n para mantenerle informado sobre\u00a0 nuestros servicios o noticias.<\/p>\n<p>En cualquier momento el usuario puede manifestar que no desea recibir comunicaciones siguiendo las instrucciones insertas en cualquiera de las comunicaciones que reciba. Los interesados tienen derecho de acceso, rectificaci\u00f3n, oposici\u00f3n y cancelaci\u00f3n de los datos.<\/p>\n<p>El responsable del fichero de datos es CL\u00cdNICA DENTAL SOBRINO Y MAR\u00cdN. Al enviar o cumplimentar el formulario con datos de car\u00e1cter personal, consiente expresamente en que procedamos al tratamiento automatizado de sus datos personales.<\/p>\n<p><u>Transferencia internacional.<\/u><\/p>\n<p>Es posible que la informaci\u00f3n sea transferida a un pa\u00eds fuera del Espacio Econ\u00f3mico Europeo como consecuencia que los servidores ocasionalmente se encuentren localizados en uno de dichos pa\u00edses, por lo que la informaci\u00f3n profesional que facilite puede ser transferida a un lugar fuera del Espacio Econ\u00f3mico Europeo. En tales casos adoptaremos las medidas adecuadas para preservar la pol\u00edtica de privacidad.<\/p>\n<p><u>Compartici\u00f3n de informaci\u00f3n.<\/u><\/p>\n<p>La informaci\u00f3n que se reciba de los usuarios de este sitio web ser\u00e1 para uso exclusivo CL\u00cdNICA DENTAL SOBRINO Y MAR\u00cdN, de la cual la primera es socia, pero podr\u00e1 facilitarse en todo o en parte, en la medida que sea necesario, a empleados y contratistas proveedores de servicios, tales como analistas de datos, env\u00edos de comunicaciones con noticias. La informaci\u00f3n ser\u00e1 tambi\u00e9n facilitada cuando sea legalmente obligatorio, cuando lo acuerde as\u00ed un Juzgado o bien sirva pare evitar o perseguir un delito.<\/p>\n<p><u>Transmisi\u00f3n de la informaci\u00f3n.<\/u><\/p>\n<p>En el caso de transmisi\u00f3n de la actividad de CL\u00cdNICA DENTAL SOBRINO Y MAR\u00cdN, fusi\u00f3n o escisi\u00f3n, la informaci\u00f3n ser\u00e1 transmitida al cesionario, a la entidad\u00a0 absorbente o resultante de la fusi\u00f3n o bien a cualquiera de las entidades beneficiarias de la escisi\u00f3n o simple separaci\u00f3n.<\/p>\n<p><strong>\u00a0<\/strong><\/p>\n<p><strong>\u00a0<\/strong><\/p>\n<p><strong>Descripci\u00f3n general<\/strong><\/p>\n<p>Google Analytics es una herramienta sencilla y f\u00e1cil de usar que ayuda a los propietarios de sitios web a medir c\u00f3mo interact\u00faan los usuarios con el contenido del sitio. Cuando un usuario navega por las p\u00e1ginas de un sitio web, Google Analytics proporciona al propietario de dicho sitio etiquetas JavaScript (bibliotecas) para registrar la informaci\u00f3n sobre la p\u00e1gina que ha visto un usuario; por ejemplo, la URL de la p\u00e1gina. Las bibliotecas JavaScript de Google Analytics usan\u00a0<a href=\"https:\/\/en.wikipedia.org\/wiki\/HTTP_cookie\">cookies HTTP<\/a>para \u00abrecordar\u00bb lo que ha hecho un usuario en p\u00e1ginas o en interacciones con el sitio web anteriores.<\/p>\n<p>Google Analytics admite dos bibliotecas JavaScript (etiquetas) para medir el uso de los sitios web:\u00a0<a href=\"https:\/\/developers.google.com\/analytics\/devguides\/collection\/analyticsjs\/?hl=es-419\">analytics.js<\/a>y\u00a0<a href=\"https:\/\/developers.google.com\/analytics\/devguides\/collection\/gajs\/?hl=es-419\">ga.js<\/a>.<\/p>\n<p>En las secciones siguientes se describe c\u00f3mo usa las cookies cada una de estas bibliotecas.<\/p>\n<p><strong>analytics.js: uso de cookies<\/strong><\/p>\n<p>La\u00a0<a href=\"https:\/\/developers.google.com\/analytics\/devguides\/collection\/analyticsjs\/?hl=es-419\">biblioteca JavaScript analytics.js<\/a>forma parte de\u00a0<a href=\"https:\/\/support.google.com\/analytics\/bin\/answer.py?answer=2790010&amp;hl=es-419\">Universal Analytics<\/a>y usa cookies propias para:<\/p>\n<ul>\n<li>Distinguir a los usuarios \u00fanicos<\/li>\n<li>Limitar el porcentaje de solicitudes<\/li>\n<\/ul>\n<p>Cuando se usa el\u00a0<a href=\"https:\/\/developers.google.com\/analytics\/devguides\/collection\/analyticsjs\/?hl=es-419\">fragmento de JavaScript recomendado<\/a>, analytics.js configura las cookies en el dominio del nivel m\u00e1s alto que puede. Por ejemplo, si la direcci\u00f3n de tu sitio web es blog.example.co.uk, analytics.js configurar\u00e1 el dominio de la cookie como .example.co.uk. Configurar las cookies en el dominio de nivel m\u00e1s alto posible permite realizar el seguimiento de los usuarios en varios subdominios sin agregar configuraci\u00f3n adicional.<\/p>\n<p><strong>Nota<\/strong>: analytics.js no requiere que se configuren las cookies para transmitir datos a Google Analytics.<\/p>\n<p>analytics.js configura las cookies siguientes:<\/p>\n<table>\n<tbody>\n<tr>\n<td><strong>Nombre de la cookie<\/strong><\/td>\n<td><strong>Duraci\u00f3n<\/strong><\/td>\n<td><strong>Descripci\u00f3n<\/strong><\/td>\n<\/tr>\n<tr>\n<td>_ga<\/td>\n<td>2 a\u00f1os<\/td>\n<td>Se usa para distinguir a los usuarios.<\/td>\n<\/tr>\n<tr>\n<td>_gid<\/td>\n<td>24\u00a0horas<\/td>\n<td>Se usa para distinguir a los usuarios.<\/td>\n<\/tr>\n<tr>\n<td>_gat<\/td>\n<td>1\u00a0minuto<\/td>\n<td>Se usa para limitar el porcentaje de solicitudes.<\/td>\n<\/tr>\n<tr>\n<td>AMP_TOKEN<\/td>\n<td>30\u00a0segundos a 1\u00a0a\u00f1o<\/td>\n<td>Incluye un token que se puede utilizar para recuperar un ID de cliente del servicio de ID de cliente de AMP. Otros posibles valores indican inhabilitaciones, solicitudes en curso o errores obtenidos al recuperar un ID del servicio de ID de cliente de AMP.<\/td>\n<\/tr>\n<tr>\n<td>_gac_&lt;property-id&gt;<\/td>\n<td>90\u00a0d\u00edas<\/td>\n<td>Incluye informaci\u00f3n de la campa\u00f1a relativa al usuario. Si has vinculado tus cuentas de Google Analytics y AdWords, las etiquetas de conversi\u00f3n de sitios web leer\u00e1n esta cookie, a menos que la inhabilites.\u00a0<a href=\"https:\/\/support.google.com\/adwords\/answer\/7521212?hl=es-419\">M\u00e1s informaci\u00f3n<\/a><\/td>\n<\/tr>\n<\/tbody>\n<\/table>\n<p><strong>ga.js: uso de cookies<\/strong><\/p>\n<p>La\u00a0<a href=\"https:\/\/developers.google.com\/analytics\/devguides\/collection\/gajs\/?hl=es-419\">biblioteca JavaScript ga.js<\/a>usa cookies propias para:<\/p>\n<ul>\n<li>Determinar el dominio que se medir\u00e1<\/li>\n<li>Distinguir a los usuarios \u00fanicos<\/li>\n<li>Limitar el porcentaje de solicitudes<\/li>\n<li>Recordar el n\u00famero y la duraci\u00f3n de las visitas anteriores<\/li>\n<li>Recordar la informaci\u00f3n de las fuentes de tr\u00e1fico<\/li>\n<li>Determinar el inicio y el fin de una sesi\u00f3n<\/li>\n<li>Recordar el valor de las variables personalizadas de visitante<\/li>\n<\/ul>\n<p>De forma predeterminada, esta biblioteca configura las cookies en el dominio especificado en la propiedad document.hostdel navegador y configura la ruta de la cookie en el nivel ra\u00edz (\/).<\/p>\n<p>Esta biblioteca configura las siguientes cookies:<\/p>\n<table>\n<tbody>\n<tr>\n<td><strong>Nombre de cookie<\/strong><\/td>\n<td><strong>Duraci\u00f3n predeterminada<\/strong><\/td>\n<td><strong>Descripci\u00f3n<\/strong><\/td>\n<\/tr>\n<tr>\n<td>__utma<\/td>\n<td>Dos a\u00f1os a partir de la configuraci\u00f3n o actualizaci\u00f3n<\/td>\n<td>Se usa para distinguir usuarios y sesiones. La cookie se crea cuando se ejecuta la biblioteca JavaScript y no hay ninguna cookie __utma. La cookie se actualiza cada vez que se env\u00edan datos a Google Analytics.<\/td>\n<\/tr>\n<tr>\n<td>__utmt<\/td>\n<td>10 minutos<\/td>\n<td>Se usa para limitar el porcentaje de solicitudes.<\/td>\n<\/tr>\n<tr>\n<td>__utmb<\/td>\n<td>30 minutos a partir de la configuraci\u00f3n o actualizaci\u00f3n<\/td>\n<td>Se usa para determinar nuevas sesiones o visitas. La cookie se crea cuando se ejecuta la biblioteca JavaScript y no hay ninguna cookie __utmb. La cookie se actualiza cada vez que se env\u00edan datos a Google Analytics.<\/td>\n<\/tr>\n<tr>\n<td>__utmc<\/td>\n<td>Fin de la sesi\u00f3n del navegador<\/td>\n<td>No se usa en ga.js. Se configura para interactuar con urchin.js. Anteriormente, esta cookie actuaba junto con la cookie __utmb para determinar si el usuario estaba en una nueva sesi\u00f3n o visita.<\/td>\n<\/tr>\n<tr>\n<td>__utmz<\/td>\n<td>Seis meses a partir de la configuraci\u00f3n o actualizaci\u00f3n<\/td>\n<td>Almacena la fuente de tr\u00e1fico o la campa\u00f1a que explica c\u00f3mo ha llegado el usuario al sitio. La cookie se crea cuando se ejecuta la biblioteca JavaScript y se actualiza cada vez que se env\u00edan datos a Google Analytics.<\/td>\n<\/tr>\n<tr>\n<td>__utmv<\/td>\n<td>Dos a\u00f1os a partir de la configuraci\u00f3n o actualizaci\u00f3n<\/td>\n<td>Se usa para almacenar datos de variables personalizadas de visitante. Esta cookie se crea cuando un programador usa el m\u00e9todo<a href=\"https:\/\/developers.google.com\/analytics\/devguides\/collection\/gajs\/methods\/gaJSApiBasicConfiguration?hl=es-419#_gat.GA_Tracker_._setCustomVar\">_setCustomVar<\/a>con una variable personalizada de visitante. Tambi\u00e9n se usaba para el m\u00e9todo _setVarretirado. La cookie se actualiza cada vez que se env\u00edan datos a Google Analytics.<\/td>\n<\/tr>\n<\/tbody>\n<\/table>\n<p><strong>Google Analytics para anunciantes de display: uso de cookies<\/strong><\/p>\n<p>En el caso de los clientes que\u00a0<a href=\"https:\/\/support.google.com\/analytics\/bin\/answer.py?answer=2700409&amp;hl=es-419\">usan las funciones para anunciantes de display de Google Analytics<\/a>, como el\u00a0<a href=\"https:\/\/www.google.com\/analytics\/features\/remarketing.html?hl=es-419\">remarketing<\/a>, se usa una cookie de DoubleClick de terceros, adem\u00e1s de las otras cookies descritas en este documento solo para estas funciones. Para obtener m\u00e1s informaci\u00f3n sobre esta cookie, consulta las\u00a0<a href=\"https:\/\/www.google.com\/policies\/privacy\/ads\/?hl=es-419#toc-analytics\">preguntas frecuentes sobre la privacidad en la publicidad de Google<\/a>.<\/p>\n<p>Tipo de cookies para Adwords<\/p>\n<p>Utilizamos cookies para hacer la publicidad m\u00e1s atractiva para los usuarios y m\u00e1s valiosa para los editores y anunciantes. Algunas aplicaciones comunes de las cookies consisten en seleccionar la publicidad seg\u00fan lo que es relevante para un usuario, mejorar la informaci\u00f3n sobre los resultados de la campa\u00f1a y evitar que se muestren al usuario anuncios que ya ha visto.<\/p>\n<p>Google utiliza cookies, como las denominadas NID y SID, para poder personalizar los anuncios que se muestran en las Propiedades de Google, como B\u00fasqueda de Google. Por ejemplo, podemos usar estas cookies para recordarte las \u00faltimas b\u00fasquedas, las visitas al sitio web de un anunciante y las interacciones previas con los resultados de la b\u00fasqueda o los anuncios de un anunciante. Esto nos ayuda a mostrarte anuncios personalizados en Google.<\/p>\n<p>Tambi\u00e9n usamos una o m\u00e1s cookies para los anuncios que mostramos en toda la Web. Una de nuestras cookies de anuncios principales en sitios que no pertenecen a Google se llama \u00abIDE\u00bb y se almacena en los navegadores en el dominio doubleclick.net. Otra se almacena en google.com y se llama ANID. Adem\u00e1s, se emplean otras cookies denominadas DSID, FLC, AID, TAID y exchange_uid. Es posible que otras Propiedades de Google, como YouTube, tambi\u00e9n usen estas cookies para mostrar anuncios m\u00e1s relevantes.<\/p>\n<p>En ocasiones, es posible que las cookies de anuncios se establezcan en el dominio del sitio que est\u00e9 visitando. En el caso de los anuncios que mostramos en toda la Web, es posible que se establezcan las cookies denominadas \u00ab__gads\u00bb o \u00ab__gac\u00bb en el dominio del sitio que est\u00e9 visitando. Cuando usted se encuentra en un sitio que no sea donde se establecieron estas cookies, Google no puede leerlas, a diferencia de las cookies que se establecen en los dominios propios de Google. Estas cumplen funciones, por ejemplo, medir las interacciones con los anuncios en ese dominio y evitar que se muestren los mismos anuncios demasiadas veces.<\/p>\n<p>Google tambi\u00e9n utiliza cookies de conversi\u00f3n principalmente para ayudar a los anunciantes a determinar la cantidad de veces que las personas que hacen clic en sus anuncios terminan comprando sus productos. Estas cookies permiten a Google y al anunciante determinar si usted hizo clic en el anuncio y visit\u00f3 posteriormente el sitio del anunciante. Sin embargo, Google no utiliza las cookies de conversi\u00f3n para segmentar los anuncios personalizados. Adem\u00e1s, estas cookies solo duran un per\u00ed\u00adodo limitado. Para ese fin, se utiliza una cookie denominada \u00abConversi\u00f3n\u00bb, que por lo general se establece en el dominio googleadservices.com o google.com (al pie de esta p\u00e1gina, encontrar\u00e1 una lista de los dominios que se utilizan para las cookies de anuncios). Es posible que algunas de las cookies tambi\u00e9n se usen para medir eventos de conversi\u00f3n.<\/p>\n<p>Por ejemplo, las cookies de DoubleClick y Google Analytics tambi\u00e9n se pueden usar para este prop\u00f3sito.<\/p>\n<p>Si anteriormente accedi\u00f3 a su cuenta de Google en otro dispositivo, tambi\u00e9n se usan cookies denominadas \u00abAID\u00bb, \u00abDSID\u00bb y \u00abTAID\u00bb para vincular su actividad en diferentes dispositivos, coordinar los anuncios que visualiza en ellos y medir los eventos de conversi\u00f3n. Estas cookies pueden establecerse en los dominios google.com\/ads, google.com\/ads\/measurement o googleadservices.com.<\/p>\n<p>&nbsp;<\/p>\n","protected":false},"excerpt":{"rendered":"<p>POLITICA DE PRIVACIDAD La informaci\u00f3n que el usuario nos facilite a trav\u00e9s del sitio web antes mencionado, previo su consentimiento, puede comprender datos como el nombre, la denominaci\u00f3n social, tel\u00e9fono, correo electr\u00f3nico, etc., que ser\u00e1n utilizados exclusivamente para dar respuesta a las cuestiones que el usuario plantee o la informaci\u00f3n que solicite. Si el usuario [&#8230;]\n","protected":false},"author":1,"featured_media":0,"parent":0,"menu_order":0,"comment_status":"closed","ping_status":"closed","template":"","meta":{"footnotes":""},"class_list":["post-769","page","type-page","status-publish","hentry"],"yoast_head":"<!-- This site is optimized with the Yoast SEO plugin v25.8 - https:\/\/yoast.com\/wordpress\/plugins\/seo\/ -->\n<title>Pol\u00edtica de privacidad - Cl\u00ednica Dental Sobrino y Mar\u00edn<\/title>\n<meta name=\"robots\" content=\"index, follow, max-snippet:-1, max-image-preview:large, max-video-preview:-1\" \/>\n<link rel=\"canonical\" href=\"https:\/\/clinicasobrinoymarin.com\/uk\/politica-privacidad\/\" \/>\n<meta property=\"og:locale\" content=\"uk_UA\" \/>\n<meta property=\"og:type\" content=\"article\" \/>\n<meta property=\"og:title\" content=\"Pol\u00edtica de privacidad - Cl\u00ednica Dental Sobrino y Mar\u00edn\" \/>\n<meta property=\"og:description\" content=\"POLITICA DE PRIVACIDAD La informaci\u00f3n que el usuario nos facilite a trav\u00e9s del sitio web antes mencionado, previo su consentimiento, puede comprender datos como el nombre, la denominaci\u00f3n social, tel\u00e9fono, correo electr\u00f3nico, etc., que ser\u00e1n utilizados exclusivamente para dar respuesta a las cuestiones que el usuario plantee o la informaci\u00f3n que solicite. Si el usuario [...]\" \/>\n<meta property=\"og:url\" content=\"https:\/\/clinicasobrinoymarin.com\/uk\/politica-privacidad\/\" \/>\n<meta property=\"og:site_name\" content=\"Cl\u00ednica Dental Sobrino y Mar\u00edn\" \/>\n<meta property=\"og:image\" content=\"https:\/\/clinicasobrinoymarin.com\/wp-content\/uploads\/2024\/10\/Clinica-Dental-Valencia-recepcion.jpeg\" \/>\n\t<meta property=\"og:image:width\" content=\"2189\" \/>\n\t<meta property=\"og:image:height\" content=\"1459\" \/>\n\t<meta property=\"og:image:type\" content=\"image\/jpeg\" \/>\n<meta name=\"twitter:card\" content=\"summary_large_image\" \/>\n<meta name=\"twitter:label1\" content=\"\u041f\u0440\u0438\u0431\u043b. \u0447\u0430\u0441 \u0447\u0438\u0442\u0430\u043d\u043d\u044f\" \/>\n\t<meta name=\"twitter:data1\" content=\"9 \u0445\u0432\u0438\u043b\u0438\u043d\" \/>\n<script type=\"application\/ld+json\" class=\"yoast-schema-graph\">{\"@context\":\"https:\/\/schema.org\",\"@graph\":[{\"@type\":\"WebPage\",\"@id\":\"https:\/\/clinicasobrinoymarin.com\/uk\/politica-privacidad\/\",\"url\":\"https:\/\/clinicasobrinoymarin.com\/uk\/politica-privacidad\/\",\"name\":\"Pol\u00edtica de privacidad - Cl\u00ednica Dental Sobrino y Mar\u00edn\",\"isPartOf\":{\"@id\":\"https:\/\/clinicasobrinoymarin.com\/uk\/#website\"},\"datePublished\":\"2024-06-14T14:54:55+00:00\",\"breadcrumb\":{\"@id\":\"https:\/\/clinicasobrinoymarin.com\/uk\/politica-privacidad\/#breadcrumb\"},\"inLanguage\":\"uk\",\"potentialAction\":[{\"@type\":\"ReadAction\",\"target\":[\"https:\/\/clinicasobrinoymarin.com\/uk\/politica-privacidad\/\"]}]},{\"@type\":\"BreadcrumbList\",\"@id\":\"https:\/\/clinicasobrinoymarin.com\/uk\/politica-privacidad\/#breadcrumb\",\"itemListElement\":[{\"@type\":\"ListItem\",\"position\":1,\"name\":\"Portada\",\"item\":\"https:\/\/clinicasobrinoymarin.com\/uk\/\"},{\"@type\":\"ListItem\",\"position\":2,\"name\":\"Pol\u00edtica de privacidad\"}]},{\"@type\":\"WebSite\",\"@id\":\"https:\/\/clinicasobrinoymarin.com\/uk\/#website\",\"url\":\"https:\/\/clinicasobrinoymarin.com\/uk\/\",\"name\":\"Cl\u00ednica Dental Sobrino y Mar\u00edn\",\"description\":\"Sobrino &amp; Mar\u00edn. Odontolog\u00eda en Valencia. Ortodoncia, endodoncia, odontopediatr\u00eda, est\u00e9tica dental.\",\"publisher\":{\"@id\":\"https:\/\/clinicasobrinoymarin.com\/uk\/#organization\"},\"alternateName\":\"Cl\u00ednica Dental Sobrino & Mar\u00edn\",\"potentialAction\":[{\"@type\":\"SearchAction\",\"target\":{\"@type\":\"EntryPoint\",\"urlTemplate\":\"https:\/\/clinicasobrinoymarin.com\/uk\/?s={search_term_string}\"},\"query-input\":{\"@type\":\"PropertyValueSpecification\",\"valueRequired\":true,\"valueName\":\"search_term_string\"}}],\"inLanguage\":\"uk\"},{\"@type\":\"Organization\",\"@id\":\"https:\/\/clinicasobrinoymarin.com\/uk\/#organization\",\"name\":\"Cl\u00ednica Dental Sobrino y Mar\u00edn Valencia\",\"alternateName\":\"Cl\u00ednica Dental Sobrino & Mar\u00edn\",\"url\":\"https:\/\/clinicasobrinoymarin.com\/uk\/\",\"logo\":{\"@type\":\"ImageObject\",\"inLanguage\":\"uk\",\"@id\":\"https:\/\/clinicasobrinoymarin.com\/uk\/#\/schema\/logo\/image\/\",\"url\":\"https:\/\/clinicasobrinoymarin.com\/wp-content\/uploads\/2024\/06\/PNG-Negro.png\",\"contentUrl\":\"https:\/\/clinicasobrinoymarin.com\/wp-content\/uploads\/2024\/06\/PNG-Negro.png\",\"width\":832,\"height\":702,\"caption\":\"Cl\u00ednica Dental Sobrino y Mar\u00edn Valencia\"},\"image\":{\"@id\":\"https:\/\/clinicasobrinoymarin.com\/uk\/#\/schema\/logo\/image\/\"},\"sameAs\":[\"https:\/\/www.instagram.com\/clinicasobrinoymarin\/\"]}]}<\/script>\n<!-- \/ Yoast SEO plugin. -->","yoast_head_json":{"title":"Pol\u00edtica de privacidad - Cl\u00ednica Dental Sobrino y Mar\u00edn","robots":{"index":"index","follow":"follow","max-snippet":"max-snippet:-1","max-image-preview":"max-image-preview:large","max-video-preview":"max-video-preview:-1"},"canonical":"https:\/\/clinicasobrinoymarin.com\/uk\/politica-privacidad\/","og_locale":"uk_UA","og_type":"article","og_title":"Pol\u00edtica de privacidad - Cl\u00ednica Dental Sobrino y Mar\u00edn","og_description":"POLITICA DE PRIVACIDAD La informaci\u00f3n que el usuario nos facilite a trav\u00e9s del sitio web antes mencionado, previo su consentimiento, puede comprender datos como el nombre, la denominaci\u00f3n social, tel\u00e9fono, correo electr\u00f3nico, etc., que ser\u00e1n utilizados exclusivamente para dar respuesta a las cuestiones que el usuario plantee o la informaci\u00f3n que solicite. Si el usuario [...]","og_url":"https:\/\/clinicasobrinoymarin.com\/uk\/politica-privacidad\/","og_site_name":"Cl\u00ednica Dental Sobrino y Mar\u00edn","og_image":[{"width":2189,"height":1459,"url":"https:\/\/clinicasobrinoymarin.com\/wp-content\/uploads\/2024\/10\/Clinica-Dental-Valencia-recepcion.jpeg","type":"image\/jpeg"}],"twitter_card":"summary_large_image","twitter_misc":{"\u041f\u0440\u0438\u0431\u043b. \u0447\u0430\u0441 \u0447\u0438\u0442\u0430\u043d\u043d\u044f":"9 \u0445\u0432\u0438\u043b\u0438\u043d"},"schema":{"@context":"https:\/\/schema.org","@graph":[{"@type":"WebPage","@id":"https:\/\/clinicasobrinoymarin.com\/uk\/politica-privacidad\/","url":"https:\/\/clinicasobrinoymarin.com\/uk\/politica-privacidad\/","name":"Pol\u00edtica de privacidad - Cl\u00ednica Dental Sobrino y Mar\u00edn","isPartOf":{"@id":"https:\/\/clinicasobrinoymarin.com\/uk\/#website"},"datePublished":"2024-06-14T14:54:55+00:00","breadcrumb":{"@id":"https:\/\/clinicasobrinoymarin.com\/uk\/politica-privacidad\/#breadcrumb"},"inLanguage":"uk","potentialAction":[{"@type":"ReadAction","target":["https:\/\/clinicasobrinoymarin.com\/uk\/politica-privacidad\/"]}]},{"@type":"BreadcrumbList","@id":"https:\/\/clinicasobrinoymarin.com\/uk\/politica-privacidad\/#breadcrumb","itemListElement":[{"@type":"ListItem","position":1,"name":"Portada","item":"https:\/\/clinicasobrinoymarin.com\/uk\/"},{"@type":"ListItem","position":2,"name":"Pol\u00edtica de privacidad"}]},{"@type":"WebSite","@id":"https:\/\/clinicasobrinoymarin.com\/uk\/#website","url":"https:\/\/clinicasobrinoymarin.com\/uk\/","name":"Cl\u00ednica Dental Sobrino y Mar\u00edn","description":"Sobrino &amp; Mar\u00edn. Odontolog\u00eda en Valencia. Ortodoncia, endodoncia, odontopediatr\u00eda, est\u00e9tica dental.","publisher":{"@id":"https:\/\/clinicasobrinoymarin.com\/uk\/#organization"},"alternateName":"Cl\u00ednica Dental Sobrino & Mar\u00edn","potentialAction":[{"@type":"SearchAction","target":{"@type":"EntryPoint","urlTemplate":"https:\/\/clinicasobrinoymarin.com\/uk\/?s={search_term_string}"},"query-input":{"@type":"PropertyValueSpecification","valueRequired":true,"valueName":"search_term_string"}}],"inLanguage":"uk"},{"@type":"Organization","@id":"https:\/\/clinicasobrinoymarin.com\/uk\/#organization","name":"Cl\u00ednica Dental Sobrino y Mar\u00edn Valencia","alternateName":"Cl\u00ednica Dental Sobrino & Mar\u00edn","url":"https:\/\/clinicasobrinoymarin.com\/uk\/","logo":{"@type":"ImageObject","inLanguage":"uk","@id":"https:\/\/clinicasobrinoymarin.com\/uk\/#\/schema\/logo\/image\/","url":"https:\/\/clinicasobrinoymarin.com\/wp-content\/uploads\/2024\/06\/PNG-Negro.png","contentUrl":"https:\/\/clinicasobrinoymarin.com\/wp-content\/uploads\/2024\/06\/PNG-Negro.png","width":832,"height":702,"caption":"Cl\u00ednica Dental Sobrino y Mar\u00edn Valencia"},"image":{"@id":"https:\/\/clinicasobrinoymarin.com\/uk\/#\/schema\/logo\/image\/"},"sameAs":["https:\/\/www.instagram.com\/clinicasobrinoymarin\/"]}]}},"_links":{"self":[{"href":"https:\/\/clinicasobrinoymarin.com\/uk\/wp-json\/wp\/v2\/pages\/769","targetHints":{"allow":["GET"]}}],"collection":[{"href":"https:\/\/clinicasobrinoymarin.com\/uk\/wp-json\/wp\/v2\/pages"}],"about":[{"href":"https:\/\/clinicasobrinoymarin.com\/uk\/wp-json\/wp\/v2\/types\/page"}],"author":[{"embeddable":true,"href":"https:\/\/clinicasobrinoymarin.com\/uk\/wp-json\/wp\/v2\/users\/1"}],"replies":[{"embeddable":true,"href":"https:\/\/clinicasobrinoymarin.com\/uk\/wp-json\/wp\/v2\/comments?post=769"}],"version-history":[{"count":0,"href":"https:\/\/clinicasobrinoymarin.com\/uk\/wp-json\/wp\/v2\/pages\/769\/revisions"}],"wp:attachment":[{"href":"https:\/\/clinicasobrinoymarin.com\/uk\/wp-json\/wp\/v2\/media?parent=769"}],"curies":[{"name":"wp","href":"https:\/\/api.w.org\/{rel}","templated":true}]}}