{"id":758,"date":"2024-10-16T10:54:59","date_gmt":"2024-10-16T08:54:59","guid":{"rendered":"https:\/\/clinicasobrinoymarin.com\/aviso-legal\/"},"modified":"2024-10-29T13:27:06","modified_gmt":"2024-10-29T12:27:06","slug":"legal-advice","status":"publish","type":"page","link":"https:\/\/clinicasobrinoymarin.com\/en\/legal-advice\/","title":{"rendered":"Legal advice"},"content":{"rendered":"<div class=\"wpb-content-wrapper\"><div class=\"vc_row wpb_row vc_row-fluid vc_custom_1555491754587\">\n<div class=\"wpb_column vc_column_container vc_col-sm-12\">\n<div class=\"vc_column-inner\">\n<div class=\"wpb_wrapper\">\n<div class=\"wpb_text_column wpb_content_element vc_custom_1679919058938\">\n<div class=\"wpb_wrapper\">\n<h1 class=\"text-boarder-top-bottom-white\"><strong>LEGAL NOTICE<\/strong><\/h1>\n<p>CL\u00cdNICA DENTAL SOBRINO&amp;MAR\u00cdN, owner of the domain <a href=\"https:\/\/clinicasobrinoymarin.com\/\" target=\"_new\" rel=\"noopener\">https:\/\/clinicasobrinoymarin.com\/<\/a> and in compliance with the provisions of Law 34\/2002 of July 11 on Information Society Services and Electronic Commerce (LSSICE) and in accordance with current regulations on personal data protection, Regulation (EU) 2016\/679 of April 27, 2016 (GDPR), and the Organic Law on Data Protection in Spain and its implementing regulations, the following data are provided:<\/p>\n<p><strong>IDENTIFYING DATA:<\/strong><\/p>\n<p>Social Name: CL\u00cdNICA DENTAL SOBRINO Y MAR\u00cdN, S.L.<\/p>\n<p>Company&#8217;s registered address: C\/ de l\u2019Illa Formentera, 48, bajo, Quatre Carreres, 46026 Valencia<\/p>\n<p>Law on Information Society Services and Electronic Commerce<\/p>\n<p>The owner of this Website makes available to visitors a series of data that, according to Law 34\/2002 \u2013 LSSICE on \u201cInformation Society Services and Electronic Commerce,\u201d must be provided to both the recipients of the service and the competent authorities, and therefore can be found below, presented in an easy, direct, and free manner:<\/p>\n<p>Contact Phone:<\/p>\n<p>Tel. 683274457<\/p>\n<p>Email Address:<\/p>\n<p><a rel=\"noopener\">info@clinicasobrinoymarin.com<\/a><\/p>\n<p>Domain name for identification:<\/p>\n<p>clinicasobrinoymarin.com<\/p>\n<p>C.I.F:<\/p>\n<p>B13683412<\/p>\n<p><strong>NOTICE ON INDUSTRIAL AND INTELLECTUAL PROPERTY<\/strong><\/p>\n<p>The contents of all kinds included on the website, including, but not limited to, images, illustrations, photographs, texts, brands, logos, or designs, are the property of CL\u00cdNICA DENTAL SOBRINO &amp; MAR\u00cdN and\/or other legitimate collaborators who have granted it the corresponding usage rights. The industrial and intellectual property rights over all mentioned contents are duly protected by Spanish legislation.<\/p>\n<p>Any total or partial use of the contents of the website consisting of reproduction, distribution, public communication in any form and by any means is strictly prohibited, unless expressly authorized in writing by CL\u00cdNICA DENTAL SOBRINO &amp; MAR\u00cdN.<\/p>\n<p><strong>LINKS<\/strong><\/p>\n<p>In the event that there are links or hyperlinks to other websites, CL\u00cdNICA DENTAL SOBRINO &amp; MAR\u00cdN will not exercise any control over such sites and contents. Under no circumstances shall CL\u00cdNICA DENTAL SOBRINO &amp; MAR\u00cdN assume any responsibility for the contents of any link belonging to a foreign website, nor guarantee the technical availability, quality, reliability, accuracy, completeness, truthfulness, validity, and constitutionality of any material or information contained in any of these hyperlinks or other websites.<\/p>\n<p>Similarly, the inclusion of these external connections does not imply any type of association, merger, or participation with the connected entities.<\/p>\n<p><strong>MODIFICATION OF THESE CONDITIONS AND DURATION<\/strong><\/p>\n<p>CL\u00cdNICA DENTAL SOBRINO &amp; MAR\u00cdN may modify at any time the conditions set forth herein, which will be duly published as they appear here.<\/p>\n<p>The validity of the mentioned conditions will depend on their exposure and will remain in effect until duly published changes are made.<\/p>\n<p><strong>APPLICABLE LEGISLATION AND JURISDICTION<\/strong><\/p>\n<p>The relationship between CL\u00cdNICA DENTAL SOBRINO &amp; MAR\u00cdN and the USER will be governed by current Spanish legislation, and any disputes shall be submitted to the Courts and tribunals of the city of Valencia.<\/p>\n<\/div>\n<\/div>\n<\/div>\n<\/div>\n<\/div>\n<\/div>\n<\/div>","protected":false},"excerpt":{"rendered":"<p>LEGAL NOTICE CL\u00cdNICA DENTAL SOBRINO&amp;MAR\u00cdN, owner of the domain https:\/\/clinicasobrinoymarin.com\/ and in compliance with the provisions of Law 34\/2002 of July 11 on Information Society Services and Electronic Commerce (LSSICE) and in accordance with current regulations on personal data protection, Regulation (EU) 2016\/679 of April 27, 2016 (GDPR), and the Organic Law on Data Protection [&#8230;]\n","protected":false},"author":2,"featured_media":0,"parent":0,"menu_order":0,"comment_status":"closed","ping_status":"closed","template":"","meta":{"footnotes":""},"class_list":["post-758","page","type-page","status-publish","hentry"],"yoast_head":"<!-- This site is optimized with the Yoast SEO plugin v25.8 - https:\/\/yoast.com\/wordpress\/plugins\/seo\/ -->\n<title>Legal advice - Cl\u00ednica Dental Sobrino y Mar\u00edn<\/title>\n<meta name=\"robots\" content=\"noindex, nofollow\" \/>\n<meta property=\"og:locale\" content=\"en_US\" \/>\n<meta property=\"og:type\" content=\"article\" \/>\n<meta property=\"og:title\" content=\"Legal advice - Cl\u00ednica Dental Sobrino y Mar\u00edn\" \/>\n<meta property=\"og:description\" content=\"LEGAL NOTICE CL\u00cdNICA DENTAL SOBRINO&amp;MAR\u00cdN, owner of the domain https:\/\/clinicasobrinoymarin.com\/ and in compliance with the provisions of Law 34\/2002 of July 11 on Information Society Services and Electronic Commerce (LSSICE) and in accordance with current regulations on personal data protection, Regulation (EU) 2016\/679 of April 27, 2016 (GDPR), and the Organic Law on Data Protection [...]\" \/>\n<meta property=\"og:url\" content=\"https:\/\/clinicasobrinoymarin.com\/en\/legal-advice\/\" \/>\n<meta property=\"og:site_name\" content=\"Cl\u00ednica Dental Sobrino y Mar\u00edn\" \/>\n<meta property=\"article:modified_time\" content=\"2024-10-29T12:27:06+00:00\" \/>\n<meta property=\"og:image\" content=\"https:\/\/clinicasobrinoymarin.com\/wp-content\/uploads\/2024\/10\/Clinica-Dental-Valencia-recepcion.jpeg\" \/>\n\t<meta property=\"og:image:width\" content=\"2189\" \/>\n\t<meta property=\"og:image:height\" content=\"1459\" \/>\n\t<meta property=\"og:image:type\" content=\"image\/jpeg\" \/>\n<meta name=\"twitter:card\" content=\"summary_large_image\" \/>\n<meta name=\"twitter:label1\" content=\"Est. reading time\" \/>\n\t<meta name=\"twitter:data1\" content=\"3 minutes\" \/>\n<script type=\"application\/ld+json\" class=\"yoast-schema-graph\">{\"@context\":\"https:\/\/schema.org\",\"@graph\":[{\"@type\":\"WebPage\",\"@id\":\"https:\/\/clinicasobrinoymarin.com\/en\/legal-advice\/\",\"url\":\"https:\/\/clinicasobrinoymarin.com\/en\/legal-advice\/\",\"name\":\"Legal advice - Cl\u00ednica Dental Sobrino y Mar\u00edn\",\"isPartOf\":{\"@id\":\"https:\/\/clinicasobrinoymarin.com\/en\/#website\"},\"datePublished\":\"2024-10-16T08:54:59+00:00\",\"dateModified\":\"2024-10-29T12:27:06+00:00\",\"breadcrumb\":{\"@id\":\"https:\/\/clinicasobrinoymarin.com\/en\/legal-advice\/#breadcrumb\"},\"inLanguage\":\"en-US\",\"potentialAction\":[{\"@type\":\"ReadAction\",\"target\":[\"https:\/\/clinicasobrinoymarin.com\/en\/legal-advice\/\"]}]},{\"@type\":\"BreadcrumbList\",\"@id\":\"https:\/\/clinicasobrinoymarin.com\/en\/legal-advice\/#breadcrumb\",\"itemListElement\":[{\"@type\":\"ListItem\",\"position\":1,\"name\":\"Portada\",\"item\":\"https:\/\/clinicasobrinoymarin.com\/en\/\"},{\"@type\":\"ListItem\",\"position\":2,\"name\":\"Legal advice\"}]},{\"@type\":\"WebSite\",\"@id\":\"https:\/\/clinicasobrinoymarin.com\/en\/#website\",\"url\":\"https:\/\/clinicasobrinoymarin.com\/en\/\",\"name\":\"Cl\u00ednica Dental Sobrino y Mar\u00edn\",\"description\":\"Sobrino &amp; Mar\u00edn. Odontolog\u00eda en Valencia. Ortodoncia, endodoncia, odontopediatr\u00eda, est\u00e9tica dental.\",\"publisher\":{\"@id\":\"https:\/\/clinicasobrinoymarin.com\/en\/#organization\"},\"alternateName\":\"Cl\u00ednica Dental Sobrino & Mar\u00edn\",\"potentialAction\":[{\"@type\":\"SearchAction\",\"target\":{\"@type\":\"EntryPoint\",\"urlTemplate\":\"https:\/\/clinicasobrinoymarin.com\/en\/?s={search_term_string}\"},\"query-input\":{\"@type\":\"PropertyValueSpecification\",\"valueRequired\":true,\"valueName\":\"search_term_string\"}}],\"inLanguage\":\"en-US\"},{\"@type\":\"Organization\",\"@id\":\"https:\/\/clinicasobrinoymarin.com\/en\/#organization\",\"name\":\"Cl\u00ednica Dental Sobrino y Mar\u00edn Valencia\",\"alternateName\":\"Cl\u00ednica Dental Sobrino & Mar\u00edn\",\"url\":\"https:\/\/clinicasobrinoymarin.com\/en\/\",\"logo\":{\"@type\":\"ImageObject\",\"inLanguage\":\"en-US\",\"@id\":\"https:\/\/clinicasobrinoymarin.com\/en\/#\/schema\/logo\/image\/\",\"url\":\"https:\/\/clinicasobrinoymarin.com\/wp-content\/uploads\/2024\/06\/PNG-Negro.png\",\"contentUrl\":\"https:\/\/clinicasobrinoymarin.com\/wp-content\/uploads\/2024\/06\/PNG-Negro.png\",\"width\":832,\"height\":702,\"caption\":\"Cl\u00ednica Dental Sobrino y Mar\u00edn Valencia\"},\"image\":{\"@id\":\"https:\/\/clinicasobrinoymarin.com\/en\/#\/schema\/logo\/image\/\"},\"sameAs\":[\"https:\/\/www.instagram.com\/clinicasobrinoymarin\/\"]}]}<\/script>\n<!-- \/ Yoast SEO plugin. -->","yoast_head_json":{"title":"Legal advice - Cl\u00ednica Dental Sobrino y Mar\u00edn","robots":{"index":"noindex","follow":"nofollow"},"og_locale":"en_US","og_type":"article","og_title":"Legal advice - Cl\u00ednica Dental Sobrino y Mar\u00edn","og_description":"LEGAL NOTICE CL\u00cdNICA DENTAL SOBRINO&amp;MAR\u00cdN, owner of the domain https:\/\/clinicasobrinoymarin.com\/ and in compliance with the provisions of Law 34\/2002 of July 11 on Information Society Services and Electronic Commerce (LSSICE) and in accordance with current regulations on personal data protection, Regulation (EU) 2016\/679 of April 27, 2016 (GDPR), and the Organic Law on Data Protection [...]","og_url":"https:\/\/clinicasobrinoymarin.com\/en\/legal-advice\/","og_site_name":"Cl\u00ednica Dental Sobrino y Mar\u00edn","article_modified_time":"2024-10-29T12:27:06+00:00","og_image":[{"width":2189,"height":1459,"url":"https:\/\/clinicasobrinoymarin.com\/wp-content\/uploads\/2024\/10\/Clinica-Dental-Valencia-recepcion.jpeg","type":"image\/jpeg"}],"twitter_card":"summary_large_image","twitter_misc":{"Est. reading time":"3 minutes"},"schema":{"@context":"https:\/\/schema.org","@graph":[{"@type":"WebPage","@id":"https:\/\/clinicasobrinoymarin.com\/en\/legal-advice\/","url":"https:\/\/clinicasobrinoymarin.com\/en\/legal-advice\/","name":"Legal advice - Cl\u00ednica Dental Sobrino y Mar\u00edn","isPartOf":{"@id":"https:\/\/clinicasobrinoymarin.com\/en\/#website"},"datePublished":"2024-10-16T08:54:59+00:00","dateModified":"2024-10-29T12:27:06+00:00","breadcrumb":{"@id":"https:\/\/clinicasobrinoymarin.com\/en\/legal-advice\/#breadcrumb"},"inLanguage":"en-US","potentialAction":[{"@type":"ReadAction","target":["https:\/\/clinicasobrinoymarin.com\/en\/legal-advice\/"]}]},{"@type":"BreadcrumbList","@id":"https:\/\/clinicasobrinoymarin.com\/en\/legal-advice\/#breadcrumb","itemListElement":[{"@type":"ListItem","position":1,"name":"Portada","item":"https:\/\/clinicasobrinoymarin.com\/en\/"},{"@type":"ListItem","position":2,"name":"Legal advice"}]},{"@type":"WebSite","@id":"https:\/\/clinicasobrinoymarin.com\/en\/#website","url":"https:\/\/clinicasobrinoymarin.com\/en\/","name":"Cl\u00ednica Dental Sobrino y Mar\u00edn","description":"Sobrino &amp; Mar\u00edn. Odontolog\u00eda en Valencia. Ortodoncia, endodoncia, odontopediatr\u00eda, est\u00e9tica dental.","publisher":{"@id":"https:\/\/clinicasobrinoymarin.com\/en\/#organization"},"alternateName":"Cl\u00ednica Dental Sobrino & Mar\u00edn","potentialAction":[{"@type":"SearchAction","target":{"@type":"EntryPoint","urlTemplate":"https:\/\/clinicasobrinoymarin.com\/en\/?s={search_term_string}"},"query-input":{"@type":"PropertyValueSpecification","valueRequired":true,"valueName":"search_term_string"}}],"inLanguage":"en-US"},{"@type":"Organization","@id":"https:\/\/clinicasobrinoymarin.com\/en\/#organization","name":"Cl\u00ednica Dental Sobrino y Mar\u00edn Valencia","alternateName":"Cl\u00ednica Dental Sobrino & Mar\u00edn","url":"https:\/\/clinicasobrinoymarin.com\/en\/","logo":{"@type":"ImageObject","inLanguage":"en-US","@id":"https:\/\/clinicasobrinoymarin.com\/en\/#\/schema\/logo\/image\/","url":"https:\/\/clinicasobrinoymarin.com\/wp-content\/uploads\/2024\/06\/PNG-Negro.png","contentUrl":"https:\/\/clinicasobrinoymarin.com\/wp-content\/uploads\/2024\/06\/PNG-Negro.png","width":832,"height":702,"caption":"Cl\u00ednica Dental Sobrino y Mar\u00edn Valencia"},"image":{"@id":"https:\/\/clinicasobrinoymarin.com\/en\/#\/schema\/logo\/image\/"},"sameAs":["https:\/\/www.instagram.com\/clinicasobrinoymarin\/"]}]}},"_links":{"self":[{"href":"https:\/\/clinicasobrinoymarin.com\/en\/wp-json\/wp\/v2\/pages\/758","targetHints":{"allow":["GET"]}}],"collection":[{"href":"https:\/\/clinicasobrinoymarin.com\/en\/wp-json\/wp\/v2\/pages"}],"about":[{"href":"https:\/\/clinicasobrinoymarin.com\/en\/wp-json\/wp\/v2\/types\/page"}],"author":[{"embeddable":true,"href":"https:\/\/clinicasobrinoymarin.com\/en\/wp-json\/wp\/v2\/users\/2"}],"replies":[{"embeddable":true,"href":"https:\/\/clinicasobrinoymarin.com\/en\/wp-json\/wp\/v2\/comments?post=758"}],"version-history":[{"count":3,"href":"https:\/\/clinicasobrinoymarin.com\/en\/wp-json\/wp\/v2\/pages\/758\/revisions"}],"predecessor-version":[{"id":945,"href":"https:\/\/clinicasobrinoymarin.com\/en\/wp-json\/wp\/v2\/pages\/758\/revisions\/945"}],"wp:attachment":[{"href":"https:\/\/clinicasobrinoymarin.com\/en\/wp-json\/wp\/v2\/media?parent=758"}],"curies":[{"name":"wp","href":"https:\/\/api.w.org\/{rel}","templated":true}]}}