{"id":725,"date":"2024-05-07T11:41:48","date_gmt":"2024-05-07T09:41:48","guid":{"rendered":"https:\/\/clinicasobrinoymarin.com\/endodoncia-valencia\/"},"modified":"2026-01-07T09:42:18","modified_gmt":"2026-01-07T08:42:18","slug":"endodontics-valencia","status":"publish","type":"page","link":"https:\/\/clinicasobrinoymarin.com\/en\/endodontics-valencia\/","title":{"rendered":"ENDODONTICS"},"content":{"rendered":"<div class=\"wpb-content-wrapper\">[vc_row css=&#8221;.vc_custom_1729072643777{background-image: url(http:\/\/clinicasobrinoymarin.com\/wp-content\/uploads\/2024\/10\/ENDODONCIA.png?id=469) !important;background-position: center !important;background-repeat: no-repeat !important;background-size: cover !important;}&#8221;][vc_column][vc_column_text css_animation=&#8221;fadeInLeft&#8221; css=&#8221;.vc_custom_1729770411121{padding-top: 7% !important;padding-bottom: 7% !important;}&#8221;]\n<h1 class=\"thin-font\" style=\"text-align: center;\"><span style=\"font-size: 140%;\" data-text-color=\"success\">ENDODONTICS<\/span><\/h1>\n[\/vc_column_text][\/vc_column][\/vc_row][vc_row gap=&#8221;35&#8243; content_placement=&#8221;middle&#8221; css=&#8221;.vc_custom_1728040274932{padding-top: 5% !important;padding-right: 10% !important;padding-left: 10% !important;}&#8221;][vc_column width=&#8221;1\/2&#8243;][vc_column_text]\n<h2 style=\"text-align: left;\">IMPORTANCE OF ENDODONTICS<\/h2>\n<p style=\"text-align: justify;\">Endodontics is a branch of dentistry that specializes in the treatment of the soft tissue inside the tooth, known as dental pulp. This treatment, also known as &#8220;root canal treatment,&#8221; allows for the saving of teeth that might otherwise need to be extracted due to infections or severe damage.<\/p>\n<p style=\"text-align: justify;\">Not only does it allow for the preservation of damaged teeth, but it also prevents more significant problems, such as the spread of infections that can affect other teeth and the surrounding bone. It is an effective solution for maintaining the functionality and aesthetics of the natural dentition.<\/p>\n[\/vc_column_text][\/vc_column][vc_column width=&#8221;1\/2&#8243;][vc_single_image image=&#8221;470&#8243; img_size=&#8221;full&#8221; alignment=&#8221;center&#8221;][\/vc_column][\/vc_row][vc_row gap=&#8221;35&#8243; content_placement=&#8221;middle&#8221; css=&#8221;.vc_custom_1728040466929{padding-top: 5% !important;padding-right: 10% !important;padding-left: 10% !important;}&#8221;][vc_column width=&#8221;1\/2&#8243;][vc_single_image image=&#8221;471&#8243; img_size=&#8221;full&#8221; alignment=&#8221;center&#8221;][\/vc_column][vc_column width=&#8221;1\/2&#8243;][vc_column_text]\n<h2 style=\"text-align: left;\">TYPES OF TREATMENTS<\/h2>\n<ul>\n<li style=\"text-align: justify;\"><strong>Uniradicular endodontics<\/strong>: Performed on teeth with a single root canal, such as incisors.<\/li>\n<li style=\"text-align: justify;\"><strong>Multiradicular endodontics<\/strong>: For teeth with multiple canals, such as molars, requiring greater precision and time.<\/li>\n<li style=\"text-align: justify;\"><strong>Endodontic retreatment<\/strong>: In cases where a previous treatment has failed, an endodontic procedure is performed to eliminate any possible remaining infection.<\/li>\n<li style=\"list-style-type: none; text-align: justify;\"><\/li>\n<\/ul>\n<h2 style=\"text-align: left;\">LONG-TERM RESULTS<\/h2>\n<p style=\"text-align: justify;\">It is important to understand that many treatments consist of more than just one operation or intervention. We must be aware that the results will last over time based on our habits and lifestyle. In this case, we should follow some recommendations to maintain those results.<\/p>\n<p style=\"text-align: justify;\">Good <strong>oral hygiene<\/strong> is essential; brushing and flossing daily helps keep the treated tooth in good condition. Regular <strong>dental check-ups<\/strong> are recommended as they allow the dentist to examine the tooth and detect any changes. Additionally, it is important to <strong>avoid habits that compromise the tooth<\/strong>, such as chewing hard objects or grinding teeth.<\/p>\n[\/vc_column_text][\/vc_column][\/vc_row][vc_row css=&#8221;.vc_custom_1728042688741{padding-top: 4% !important;}&#8221;][vc_column width=&#8221;1\/3&#8243;][\/vc_column][vc_column width=&#8221;1\/3&#8243;][vc_single_image image=&#8221;80&#8243; img_size=&#8221;full&#8221; alignment=&#8221;center&#8221; css_animation=&#8221;fadeInLeft&#8221;][\/vc_column][vc_column width=&#8221;1\/3&#8243;][\/vc_column][\/vc_row][vc_row css=&#8221;.vc_custom_1728042605436{padding-top: 5% !important;padding-bottom: 5% !important;}&#8221;][vc_column][vc_column_text]\n<h3 style=\"text-align: center;\">FREQUENTLY ASKED QUESTIONS<\/h3>\n[\/vc_column_text][\/vc_column][\/vc_row][vc_row css=&#8221;.vc_custom_1728049634591{padding-right: 10% !important;padding-bottom: 4% !important;padding-left: 10% !important;}&#8221;][vc_column width=&#8221;1\/2&#8243;][vc_tta_accordion title_tag=&#8221;p&#8221; section_title_tag=&#8221;p&#8221; shape=&#8221;square&#8221; color=&#8221;white&#8221; spacing=&#8221;20&#8243; gap=&#8221;20&#8243; active_section=&#8221;0&#8243; no_fill=&#8221;true&#8221; collapsible_all=&#8221;true&#8221;][vc_tta_section title=&#8221;WHAT IS ENDODONTICS?&#8221; tab_id=&#8221;1728042505328-f3135a64-261bf3e5-2e7b&#8221;][vc_column_text]\n<p style=\"text-align: justify;\">Endodontics is a <strong>dental specialty<\/strong> that deals with the treatment of diseases and injuries of the dental pulp and periapical tissues.<\/p>\n[\/vc_column_text][\/vc_tta_section][vc_tta_section title=&#8221;WHEN IS ENDODONTIC TREATMENT NECESSARY?&#8221; tab_id=&#8221;1728042505373-b783a751-a658f3e5-2e7b&#8221;][vc_column_text]\n<p style=\"text-align: justify;\">Endodontic treatment is necessary when the dental pulp is <strong>infected<\/strong> or damaged due to deep cavities, trauma, or other conditions.<\/p>\n[\/vc_column_text][\/vc_tta_section][vc_tta_section title=&#8221;WHAT IS THE PROCEDURE FOR ENDODONTIC TREATMENT?&#8221; tab_id=&#8221;1728042505421-dd24ee8d-6eebf3e5-2e7b&#8221;][vc_column_text]\n<p style=\"text-align: justify;\">The treatment involves the removal of the infected pulp, cleaning and disinfecting the root canal, and finally the <strong>filling<\/strong> of the canal with a biocompatible material.<\/p>\n[\/vc_column_text][\/vc_tta_section][vc_tta_section title=&#8221;DOES ENDODONTIC TREATMENT HURT?&#8221; tab_id=&#8221;1728042505462-b3e31548-38ccf3e5-2e7b&#8221;][vc_column_text]\n<p style=\"text-align: justify;\">During the treatment, local anesthesia is used to ensure the patient&#8217;s <strong>comfort<\/strong>. Afterwards, some <strong>discomfort<\/strong> may be felt, but it is manageable with pain relievers.<\/p>\n[\/vc_column_text][\/vc_tta_section][vc_tta_section title=&#8221;HOW LONG DOES ENDODONTIC TREATMENT LAST?&#8221; tab_id=&#8221;1728042505510-551a8f73-509ff3e5-2e7b&#8221;][vc_column_text]\n<p style=\"text-align: justify;\">The duration of the treatment may vary, but it is generally completed in one or two <strong>sessions<\/strong>, depending on the complexity of the case.<\/p>\n[\/vc_column_text][\/vc_tta_section][\/vc_tta_accordion][\/vc_column][vc_column width=&#8221;1\/2&#8243;][vc_tta_accordion title_tag=&#8221;p&#8221; section_title_tag=&#8221;p&#8221; shape=&#8221;square&#8221; color=&#8221;white&#8221; spacing=&#8221;20&#8243; gap=&#8221;20&#8243; active_section=&#8221;0&#8243; no_fill=&#8221;true&#8221; collapsible_all=&#8221;true&#8221;][vc_tta_section title=&#8221;SHOULD I HAVE A CHECK-UP AFTER TREATMENT?&#8221; tab_id=&#8221;bruxismof3e5-2e7b&#8221;][vc_column_text]\n<p style=\"text-align: justify;\">Yes, a follow-up <strong>check-up<\/strong> is often necessary to verify healing and ensure there are no complications.<\/p>\n[\/vc_column_text][\/vc_tta_section][vc_tta_section title=&#8221;WHAT IS THE SUCCESS RATE OF ENDODONTIC TREATMENT?&#8221; tab_id=&#8221;roturaf3e5-2e7b&#8221;][vc_column_text]\n<p style=\"text-align: justify;\">Endodontic treatment has a <strong>high success rate<\/strong>, with over 90% of cases reporting a complete recovery of <strong>dental health<\/strong>.<\/p>\n[\/vc_column_text][\/vc_tta_section][vc_tta_section title=&#8221;WHAT IS APEXIFICATION AND WHEN IS IT NECESSARY?&#8221; tab_id=&#8221;selladoresf3e5-2e7b&#8221;][vc_column_text]\n<p style=\"text-align: justify;\">Apexification is a surgical procedure that involves the removal of the <strong>tip<\/strong> of the tooth root, necessary when endodontic treatment has not been effective in resolving the <strong>infection<\/strong>.<\/p>\n[\/vc_column_text][\/vc_tta_section][vc_tta_section title=&#8221;HOW CAN I PREVENT THE NEED FOR ENDODONTIC TREATMENT?&#8221; tab_id=&#8221;cariesf3e5-2e7b&#8221;][vc_column_text]\n<p style=\"text-align: justify;\">Maintaining good <strong>oral hygiene<\/strong>, having regular check-ups with the dentist, and treating cavities in a timely manner can help prevent the need for endodontic treatment.<\/p>\n[\/vc_column_text][\/vc_tta_section][vc_tta_section title=&#8221;WHAT HAPPENS IF I DON&#8217;T UNDERGO ENDODONTIC TREATMENT?&#8221; tab_id=&#8221;ortodonciaf3e5-2e7b&#8221;][vc_column_text]\n<p style=\"text-align: justify;\">Ignoring a <strong>dental pulp infection<\/strong> can lead to more serious complications, such as <strong>abscesses<\/strong> or tooth loss, making subsequent treatment more complex.<\/p>\n[\/vc_column_text][\/vc_tta_section][\/vc_tta_accordion][\/vc_column][\/vc_row][vc_row css=&#8221;.vc_custom_1736515046683{padding-right: 15% !important;padding-left: 15% !important;}&#8221;][vc_column width=&#8221;1\/4&#8243;][\/vc_column][vc_column width=&#8221;1\/2&#8243;][vc_single_image image=&#8221;1430&#8243; img_size=&#8221;full&#8221; alignment=&#8221;center&#8221; css_animation=&#8221;fadeInLeft&#8221;][\/vc_column][vc_column width=&#8221;1\/4&#8243;][\/vc_column][\/vc_row][vc_row css=&#8221;.vc_custom_1728049623803{padding-top: 5% !important;padding-bottom: 5% !important;background-color: #f7f7f7 !important;background-position: center !important;background-repeat: no-repeat !important;background-size: cover !important;}&#8221;][vc_column][vc_column_text]\n<p style=\"text-align: center;\"><strong><span style=\"font-size: 140%;\">Endodontics is the ideal option to preserve your smile.<\/span><\/strong><\/p>\n<p style=\"text-align: center;\"><strong><span style=\"font-size: 140%;\">We help you take care of your oral health!<\/span><\/strong><\/p>\n[\/vc_column_text][mvc_advanced_button align=&#8221;center&#8221; btn_text=&#8221;BOOKING&#8221; border_style=&#8221;solid&#8221; border_width=&#8221;2&#8243; btn_url=&#8221;url:https%3A%2F%2Fclinicasobrinoymarin.com%2Fen%2Fcontact%2F&#8221; btn_clr=&#8221;#43b7b6&#8243; btn_bg=&#8221;#ffffff&#8221; btn_hvrclr=&#8221;#ffffff&#8221; btn_hvrbg=&#8221;#43b7b6&#8243; btn_border=&#8221;#43b7b6&#8243;][\/vc_column][\/vc_row]\n<\/div>","protected":false},"excerpt":{"rendered":"[vc_row css=&#8221;.vc_custom_1729072643777{background-image: url(http:\/\/clinicasobrinoymarin.com\/wp-content\/uploads\/2024\/10\/ENDODONCIA.png?id=469) !important;background-position: center !important;background-repeat: no-repeat !important;background-size: cover !important;}&#8221;][vc_column][vc_column_text css_animation=&#8221;fadeInLeft&#8221; css=&#8221;.vc_custom_1729770411121{padding-top: 7% !important;padding-bottom: 7% !important;}&#8221;] ENDODONTICS [\/vc_column_text][\/vc_column][\/vc_row][vc_row gap=&#8221;35&#8243; content_placement=&#8221;middle&#8221; css=&#8221;.vc_custom_1728040274932{padding-top: 5% !important;padding-right: 10% !important;padding-left: 10% !important;}&#8221;][vc_column width=&#8221;1\/2&#8243;][vc_column_text] IMPORTANCE OF ENDODONTICS Endodontics is a branch of dentistry that specializes in the treatment of the soft tissue inside the tooth, known as dental pulp. This treatment, [&#8230;]\n","protected":false},"author":2,"featured_media":572,"parent":0,"menu_order":0,"comment_status":"closed","ping_status":"closed","template":"page-blank.php","meta":{"footnotes":""},"class_list":["post-725","page","type-page","status-publish","has-post-thumbnail","hentry"],"yoast_head":"<!-- This site is optimized with the Yoast SEO plugin v25.8 - https:\/\/yoast.com\/wordpress\/plugins\/seo\/ -->\n<title>Endodontics | Dental Clinic Sobrino y Mar\u00edn<\/title>\n<meta name=\"description\" content=\"Endodontics, an effective solution. It helps save damaged teeth and prevents issues such as the spread of infections.\" \/>\n<meta name=\"robots\" content=\"index, follow, max-snippet:-1, max-image-preview:large, max-video-preview:-1\" \/>\n<link rel=\"canonical\" href=\"https:\/\/clinicasobrinoymarin.com\/en\/endodontics-valencia\/\" \/>\n<meta property=\"og:locale\" content=\"en_US\" \/>\n<meta property=\"og:type\" content=\"article\" \/>\n<meta property=\"og:title\" content=\"Endodontics | Dental Clinic Sobrino y Mar\u00edn\" \/>\n<meta property=\"og:description\" content=\"Endodontics, an effective solution. It helps save damaged teeth and prevents issues such as the spread of infections.\" \/>\n<meta property=\"og:url\" content=\"https:\/\/clinicasobrinoymarin.com\/en\/endodontics-valencia\/\" \/>\n<meta property=\"og:site_name\" content=\"Cl\u00ednica Dental Sobrino y Mar\u00edn\" \/>\n<meta property=\"article:modified_time\" content=\"2026-01-07T08:42:18+00:00\" \/>\n<meta property=\"og:image\" content=\"http:\/\/clinicasobrinoymarin.com\/wp-content\/uploads\/2024\/10\/endodoncia.jpeg\" \/>\n\t<meta property=\"og:image:width\" content=\"1000\" \/>\n\t<meta property=\"og:image:height\" content=\"667\" \/>\n\t<meta property=\"og:image:type\" content=\"image\/jpeg\" \/>\n<meta name=\"twitter:card\" content=\"summary_large_image\" \/>\n<meta name=\"twitter:label1\" content=\"Est. reading time\" \/>\n\t<meta name=\"twitter:data1\" content=\"5 minutes\" \/>\n<script type=\"application\/ld+json\" class=\"yoast-schema-graph\">{\"@context\":\"https:\/\/schema.org\",\"@graph\":[{\"@type\":\"WebPage\",\"@id\":\"https:\/\/clinicasobrinoymarin.com\/en\/endodontics-valencia\/\",\"url\":\"https:\/\/clinicasobrinoymarin.com\/en\/endodontics-valencia\/\",\"name\":\"Endodontics | Dental Clinic Sobrino y Mar\u00edn\",\"isPartOf\":{\"@id\":\"https:\/\/clinicasobrinoymarin.com\/en\/#website\"},\"primaryImageOfPage\":{\"@id\":\"https:\/\/clinicasobrinoymarin.com\/en\/endodontics-valencia\/#primaryimage\"},\"image\":{\"@id\":\"https:\/\/clinicasobrinoymarin.com\/en\/endodontics-valencia\/#primaryimage\"},\"thumbnailUrl\":\"https:\/\/clinicasobrinoymarin.com\/wp-content\/uploads\/2024\/10\/endodoncia.jpeg\",\"datePublished\":\"2024-05-07T09:41:48+00:00\",\"dateModified\":\"2026-01-07T08:42:18+00:00\",\"description\":\"Endodontics, an effective solution. It helps save damaged teeth and prevents issues such as the spread of infections.\",\"breadcrumb\":{\"@id\":\"https:\/\/clinicasobrinoymarin.com\/en\/endodontics-valencia\/#breadcrumb\"},\"inLanguage\":\"en-US\",\"potentialAction\":[{\"@type\":\"ReadAction\",\"target\":[\"https:\/\/clinicasobrinoymarin.com\/en\/endodontics-valencia\/\"]}]},{\"@type\":\"ImageObject\",\"inLanguage\":\"en-US\",\"@id\":\"https:\/\/clinicasobrinoymarin.com\/en\/endodontics-valencia\/#primaryimage\",\"url\":\"https:\/\/clinicasobrinoymarin.com\/wp-content\/uploads\/2024\/10\/endodoncia.jpeg\",\"contentUrl\":\"https:\/\/clinicasobrinoymarin.com\/wp-content\/uploads\/2024\/10\/endodoncia.jpeg\",\"width\":1000,\"height\":667,\"caption\":\"Root canal treatment with a microscope at a dental clinic in Valencia\"},{\"@type\":\"BreadcrumbList\",\"@id\":\"https:\/\/clinicasobrinoymarin.com\/en\/endodontics-valencia\/#breadcrumb\",\"itemListElement\":[{\"@type\":\"ListItem\",\"position\":1,\"name\":\"Portada\",\"item\":\"https:\/\/clinicasobrinoymarin.com\/en\/\"},{\"@type\":\"ListItem\",\"position\":2,\"name\":\"ENDODONTICS\"}]},{\"@type\":\"WebSite\",\"@id\":\"https:\/\/clinicasobrinoymarin.com\/en\/#website\",\"url\":\"https:\/\/clinicasobrinoymarin.com\/en\/\",\"name\":\"Cl\u00ednica Dental Sobrino y Mar\u00edn\",\"description\":\"Sobrino &amp; Mar\u00edn. Odontolog\u00eda en Valencia. Ortodoncia, endodoncia, odontopediatr\u00eda, est\u00e9tica dental.\",\"publisher\":{\"@id\":\"https:\/\/clinicasobrinoymarin.com\/en\/#organization\"},\"alternateName\":\"Cl\u00ednica Dental Sobrino & Mar\u00edn\",\"potentialAction\":[{\"@type\":\"SearchAction\",\"target\":{\"@type\":\"EntryPoint\",\"urlTemplate\":\"https:\/\/clinicasobrinoymarin.com\/en\/?s={search_term_string}\"},\"query-input\":{\"@type\":\"PropertyValueSpecification\",\"valueRequired\":true,\"valueName\":\"search_term_string\"}}],\"inLanguage\":\"en-US\"},{\"@type\":\"Organization\",\"@id\":\"https:\/\/clinicasobrinoymarin.com\/en\/#organization\",\"name\":\"Cl\u00ednica Dental Sobrino y Mar\u00edn Valencia\",\"alternateName\":\"Cl\u00ednica Dental Sobrino & Mar\u00edn\",\"url\":\"https:\/\/clinicasobrinoymarin.com\/en\/\",\"logo\":{\"@type\":\"ImageObject\",\"inLanguage\":\"en-US\",\"@id\":\"https:\/\/clinicasobrinoymarin.com\/en\/#\/schema\/logo\/image\/\",\"url\":\"https:\/\/clinicasobrinoymarin.com\/wp-content\/uploads\/2024\/06\/PNG-Negro.png\",\"contentUrl\":\"https:\/\/clinicasobrinoymarin.com\/wp-content\/uploads\/2024\/06\/PNG-Negro.png\",\"width\":832,\"height\":702,\"caption\":\"Cl\u00ednica Dental Sobrino y Mar\u00edn Valencia\"},\"image\":{\"@id\":\"https:\/\/clinicasobrinoymarin.com\/en\/#\/schema\/logo\/image\/\"},\"sameAs\":[\"https:\/\/www.instagram.com\/clinicasobrinoymarin\/\"]}]}<\/script>\n<!-- \/ Yoast SEO plugin. -->","yoast_head_json":{"title":"Endodontics | Dental Clinic Sobrino y Mar\u00edn","description":"Endodontics, an effective solution. It helps save damaged teeth and prevents issues such as the spread of infections.","robots":{"index":"index","follow":"follow","max-snippet":"max-snippet:-1","max-image-preview":"max-image-preview:large","max-video-preview":"max-video-preview:-1"},"canonical":"https:\/\/clinicasobrinoymarin.com\/en\/endodontics-valencia\/","og_locale":"en_US","og_type":"article","og_title":"Endodontics | Dental Clinic Sobrino y Mar\u00edn","og_description":"Endodontics, an effective solution. It helps save damaged teeth and prevents issues such as the spread of infections.","og_url":"https:\/\/clinicasobrinoymarin.com\/en\/endodontics-valencia\/","og_site_name":"Cl\u00ednica Dental Sobrino y Mar\u00edn","article_modified_time":"2026-01-07T08:42:18+00:00","og_image":[{"width":1000,"height":667,"url":"http:\/\/clinicasobrinoymarin.com\/wp-content\/uploads\/2024\/10\/endodoncia.jpeg","type":"image\/jpeg"}],"twitter_card":"summary_large_image","twitter_misc":{"Est. reading time":"5 minutes"},"schema":{"@context":"https:\/\/schema.org","@graph":[{"@type":"WebPage","@id":"https:\/\/clinicasobrinoymarin.com\/en\/endodontics-valencia\/","url":"https:\/\/clinicasobrinoymarin.com\/en\/endodontics-valencia\/","name":"Endodontics | Dental Clinic Sobrino y Mar\u00edn","isPartOf":{"@id":"https:\/\/clinicasobrinoymarin.com\/en\/#website"},"primaryImageOfPage":{"@id":"https:\/\/clinicasobrinoymarin.com\/en\/endodontics-valencia\/#primaryimage"},"image":{"@id":"https:\/\/clinicasobrinoymarin.com\/en\/endodontics-valencia\/#primaryimage"},"thumbnailUrl":"https:\/\/clinicasobrinoymarin.com\/wp-content\/uploads\/2024\/10\/endodoncia.jpeg","datePublished":"2024-05-07T09:41:48+00:00","dateModified":"2026-01-07T08:42:18+00:00","description":"Endodontics, an effective solution. It helps save damaged teeth and prevents issues such as the spread of infections.","breadcrumb":{"@id":"https:\/\/clinicasobrinoymarin.com\/en\/endodontics-valencia\/#breadcrumb"},"inLanguage":"en-US","potentialAction":[{"@type":"ReadAction","target":["https:\/\/clinicasobrinoymarin.com\/en\/endodontics-valencia\/"]}]},{"@type":"ImageObject","inLanguage":"en-US","@id":"https:\/\/clinicasobrinoymarin.com\/en\/endodontics-valencia\/#primaryimage","url":"https:\/\/clinicasobrinoymarin.com\/wp-content\/uploads\/2024\/10\/endodoncia.jpeg","contentUrl":"https:\/\/clinicasobrinoymarin.com\/wp-content\/uploads\/2024\/10\/endodoncia.jpeg","width":1000,"height":667,"caption":"Root canal treatment with a microscope at a dental clinic in Valencia"},{"@type":"BreadcrumbList","@id":"https:\/\/clinicasobrinoymarin.com\/en\/endodontics-valencia\/#breadcrumb","itemListElement":[{"@type":"ListItem","position":1,"name":"Portada","item":"https:\/\/clinicasobrinoymarin.com\/en\/"},{"@type":"ListItem","position":2,"name":"ENDODONTICS"}]},{"@type":"WebSite","@id":"https:\/\/clinicasobrinoymarin.com\/en\/#website","url":"https:\/\/clinicasobrinoymarin.com\/en\/","name":"Cl\u00ednica Dental Sobrino y Mar\u00edn","description":"Sobrino &amp; Mar\u00edn. Odontolog\u00eda en Valencia. Ortodoncia, endodoncia, odontopediatr\u00eda, est\u00e9tica dental.","publisher":{"@id":"https:\/\/clinicasobrinoymarin.com\/en\/#organization"},"alternateName":"Cl\u00ednica Dental Sobrino & Mar\u00edn","potentialAction":[{"@type":"SearchAction","target":{"@type":"EntryPoint","urlTemplate":"https:\/\/clinicasobrinoymarin.com\/en\/?s={search_term_string}"},"query-input":{"@type":"PropertyValueSpecification","valueRequired":true,"valueName":"search_term_string"}}],"inLanguage":"en-US"},{"@type":"Organization","@id":"https:\/\/clinicasobrinoymarin.com\/en\/#organization","name":"Cl\u00ednica Dental Sobrino y Mar\u00edn Valencia","alternateName":"Cl\u00ednica Dental Sobrino & Mar\u00edn","url":"https:\/\/clinicasobrinoymarin.com\/en\/","logo":{"@type":"ImageObject","inLanguage":"en-US","@id":"https:\/\/clinicasobrinoymarin.com\/en\/#\/schema\/logo\/image\/","url":"https:\/\/clinicasobrinoymarin.com\/wp-content\/uploads\/2024\/06\/PNG-Negro.png","contentUrl":"https:\/\/clinicasobrinoymarin.com\/wp-content\/uploads\/2024\/06\/PNG-Negro.png","width":832,"height":702,"caption":"Cl\u00ednica Dental Sobrino y Mar\u00edn Valencia"},"image":{"@id":"https:\/\/clinicasobrinoymarin.com\/en\/#\/schema\/logo\/image\/"},"sameAs":["https:\/\/www.instagram.com\/clinicasobrinoymarin\/"]}]}},"_links":{"self":[{"href":"https:\/\/clinicasobrinoymarin.com\/en\/wp-json\/wp\/v2\/pages\/725","targetHints":{"allow":["GET"]}}],"collection":[{"href":"https:\/\/clinicasobrinoymarin.com\/en\/wp-json\/wp\/v2\/pages"}],"about":[{"href":"https:\/\/clinicasobrinoymarin.com\/en\/wp-json\/wp\/v2\/types\/page"}],"author":[{"embeddable":true,"href":"https:\/\/clinicasobrinoymarin.com\/en\/wp-json\/wp\/v2\/users\/2"}],"replies":[{"embeddable":true,"href":"https:\/\/clinicasobrinoymarin.com\/en\/wp-json\/wp\/v2\/comments?post=725"}],"version-history":[{"count":8,"href":"https:\/\/clinicasobrinoymarin.com\/en\/wp-json\/wp\/v2\/pages\/725\/revisions"}],"predecessor-version":[{"id":1466,"href":"https:\/\/clinicasobrinoymarin.com\/en\/wp-json\/wp\/v2\/pages\/725\/revisions\/1466"}],"wp:featuredmedia":[{"embeddable":true,"href":"https:\/\/clinicasobrinoymarin.com\/en\/wp-json\/wp\/v2\/media\/572"}],"wp:attachment":[{"href":"https:\/\/clinicasobrinoymarin.com\/en\/wp-json\/wp\/v2\/media?parent=725"}],"curies":[{"name":"wp","href":"https:\/\/api.w.org\/{rel}","templated":true}]}}