{"id":707,"date":"2024-10-02T18:30:54","date_gmt":"2024-10-02T16:30:54","guid":{"rendered":"https:\/\/clinicasobrinoymarin.com\/la-clinica\/"},"modified":"2026-01-07T09:47:34","modified_gmt":"2026-01-07T08:47:34","slug":"the-clinic","status":"publish","type":"page","link":"https:\/\/clinicasobrinoymarin.com\/en\/the-clinic\/","title":{"rendered":"The clinic"},"content":{"rendered":"<div class=\"wpb-content-wrapper\">[vc_row css=&#8221;.vc_custom_1728394985098{background-image: url(http:\/\/clinicasobrinoymarin.com\/wp-content\/uploads\/2024\/10\/clinica-valencia-odontologia.jpg?id=246) !important;background-position: center !important;background-repeat: no-repeat !important;background-size: cover !important;}&#8221;][vc_column][vc_column_text css_animation=&#8221;fadeInLeft&#8221; css=&#8221;.vc_custom_1729763780129{padding-top: 7% !important;padding-bottom: 7% !important;}&#8221;]\n<h1 class=\"thin-font\" style=\"text-align: center;\"><span style=\"font-size: 140%;\" data-text-color=\"success\">YOUR DENTAL CLINIC IN VALENCIA<\/span><\/h1>\n[\/vc_column_text][\/vc_column][\/vc_row][vc_row gap=&#8221;35&#8243; content_placement=&#8221;middle&#8221; css=&#8221;.vc_custom_1728395882501{padding-top: 5% !important;padding-right: 10% !important;padding-left: 10% !important;}&#8221;][vc_column width=&#8221;1\/2&#8243;][vc_column_text]\n<h2>WELCOME TO SOBRINO &amp; MAR\u00cdN CL\u00cdNICA DENTAL<\/h2>\n<p style=\"text-align: justify;\">At our <strong>dental clinic<\/strong>, located near the <strong>Hospital la Fe<\/strong> in Valencia, we are committed to providing you with excellent, personalized, and caring dental care. Our team of highly qualified professionals has extensive experience in advanced dentistry to always ensure you receive the best attention in a comfortable and modern environment.<\/p>\n<p style=\"text-align: justify;\">Our mission is to provide you with quality dental treatments with a focus on health, aesthetics, and well-being. We offer a wide range of services, from preventive check-ups to specialized treatments such as <strong>implants, orthodontics, cosmetic dentistry, and oral rehabilitation.<\/strong><\/p>\n<p style=\"text-align: justify;\">At <strong>Sobrino &amp; Mar\u00edn cl\u00ednica dental<\/strong>, we use the latest technologies and high-quality materials to ensure optimal and long-lasting results. We care about both your oral health and your satisfaction, which is why we work with a comprehensive approach that will support you at every step of the treatment.<\/p>\n[\/vc_column_text][\/vc_column][vc_column width=&#8221;1\/2&#8243;][vc_single_image image=&#8221;248&#8243; img_size=&#8221;full&#8221; alignment=&#8221;center&#8221;][\/vc_column][\/vc_row][vc_row css=&#8221;.vc_custom_1728042688741{padding-top: 4% !important;}&#8221;][vc_column width=&#8221;1\/3&#8243;][\/vc_column][vc_column width=&#8221;1\/3&#8243;][vc_single_image image=&#8221;80&#8243; img_size=&#8221;full&#8221; alignment=&#8221;center&#8221; css_animation=&#8221;fadeInLeft&#8221;][\/vc_column][vc_column width=&#8221;1\/3&#8243;][\/vc_column][\/vc_row][vc_row gap=&#8221;35&#8243; content_placement=&#8221;middle&#8221; css=&#8221;.vc_custom_1728396396043{padding-top: 5% !important;padding-right: 10% !important;padding-bottom: 4% !important;padding-left: 10% !important;}&#8221;][vc_column width=&#8221;1\/3&#8243;][vc_single_image image=&#8221;257&#8243; img_size=&#8221;full&#8221; alignment=&#8221;center&#8221;][\/vc_column][vc_column width=&#8221;1\/3&#8243;][vc_single_image image=&#8221;250&#8243; img_size=&#8221;full&#8221; alignment=&#8221;center&#8221;][\/vc_column][vc_column width=&#8221;1\/3&#8243;][vc_single_image image=&#8221;255&#8243; img_size=&#8221;full&#8221; alignment=&#8221;center&#8221;][\/vc_column][\/vc_row][vc_row css=&#8221;.vc_custom_1736515046683{padding-right: 15% !important;padding-left: 15% !important;}&#8221;][vc_column width=&#8221;1\/4&#8243;][\/vc_column][vc_column width=&#8221;1\/2&#8243;][vc_single_image image=&#8221;1430&#8243; img_size=&#8221;full&#8221; alignment=&#8221;center&#8221; css_animation=&#8221;fadeInLeft&#8221;][\/vc_column][vc_column width=&#8221;1\/4&#8243;][\/vc_column][\/vc_row][vc_row css=&#8221;.vc_custom_1728049623803{padding-top: 5% !important;padding-bottom: 5% !important;background-color: #f7f7f7 !important;background-position: center !important;background-repeat: no-repeat !important;background-size: cover !important;}&#8221;][vc_column][vc_column_text css=&#8221;.vc_custom_1729764073024{padding-bottom: 2% !important;}&#8221;]\n<p style=\"text-align: center;\"><strong style=\"font-size: 14.4px;\"><span style=\"font-size: 140%;\">Visit us and discover a new experience in dental care, where your smile is our priority.<\/span><\/strong><\/p>\n[\/vc_column_text][mvc_advanced_button align=&#8221;center&#8221; btn_text=&#8221;BOOKING&#8221; border_style=&#8221;solid&#8221; border_width=&#8221;2&#8243; btn_url=&#8221;url:https%3A%2F%2Fclinicasobrinoymarin.com%2Fen%2Fcontact&#8221; btn_clr=&#8221;#43b7b6&#8243; btn_bg=&#8221;#ffffff&#8221; btn_hvrclr=&#8221;#ffffff&#8221; btn_hvrbg=&#8221;#43b7b6&#8243; btn_border=&#8221;#43b7b6&#8243;][\/vc_column][\/vc_row]\n<\/div>","protected":false},"excerpt":{"rendered":"[vc_row css=&#8221;.vc_custom_1728394985098{background-image: url(http:\/\/clinicasobrinoymarin.com\/wp-content\/uploads\/2024\/10\/clinica-valencia-odontologia.jpg?id=246) !important;background-position: center !important;background-repeat: no-repeat !important;background-size: cover !important;}&#8221;][vc_column][vc_column_text css_animation=&#8221;fadeInLeft&#8221; css=&#8221;.vc_custom_1729763780129{padding-top: 7% !important;padding-bottom: 7% !important;}&#8221;] YOUR DENTAL CLINIC IN VALENCIA [\/vc_column_text][\/vc_column][\/vc_row][vc_row gap=&#8221;35&#8243; content_placement=&#8221;middle&#8221; css=&#8221;.vc_custom_1728395882501{padding-top: 5% !important;padding-right: 10% !important;padding-left: 10% !important;}&#8221;][vc_column width=&#8221;1\/2&#8243;][vc_column_text] WELCOME TO SOBRINO &amp; MAR\u00cdN CL\u00cdNICA DENTAL At our dental clinic, located near the Hospital la Fe in Valencia, we are committed to [&#8230;]\n","protected":false},"author":2,"featured_media":578,"parent":0,"menu_order":0,"comment_status":"closed","ping_status":"closed","template":"page-blank.php","meta":{"footnotes":""},"class_list":["post-707","page","type-page","status-publish","has-post-thumbnail","hentry"],"yoast_head":"<!-- This site is optimized with the Yoast SEO plugin v25.8 - https:\/\/yoast.com\/wordpress\/plugins\/seo\/ -->\n<title>The Clinic | Dental Clinic Sobrino y Mar\u00edn<\/title>\n<meta name=\"description\" content=\"Our mission is to provide you with high-quality dental treatments, focusing on health, aesthetics, and overall well-being.\" \/>\n<meta name=\"robots\" content=\"index, follow, max-snippet:-1, max-image-preview:large, max-video-preview:-1\" \/>\n<link rel=\"canonical\" href=\"https:\/\/clinicasobrinoymarin.com\/en\/the-clinic\/\" \/>\n<meta property=\"og:locale\" content=\"en_US\" \/>\n<meta property=\"og:type\" content=\"article\" \/>\n<meta property=\"og:title\" content=\"The Clinic | Dental Clinic Sobrino y Mar\u00edn\" \/>\n<meta property=\"og:description\" content=\"Our mission is to provide you with high-quality dental treatments, focusing on health, aesthetics, and overall well-being.\" \/>\n<meta property=\"og:url\" content=\"https:\/\/clinicasobrinoymarin.com\/en\/the-clinic\/\" \/>\n<meta property=\"og:site_name\" content=\"Cl\u00ednica Dental Sobrino y Mar\u00edn\" \/>\n<meta property=\"article:modified_time\" content=\"2026-01-07T08:47:34+00:00\" \/>\n<meta property=\"og:image\" content=\"http:\/\/clinicasobrinoymarin.com\/wp-content\/uploads\/2024\/10\/Clinica-Dental-Valencia-recepcion.jpeg\" \/>\n\t<meta property=\"og:image:width\" content=\"2189\" \/>\n\t<meta property=\"og:image:height\" content=\"1459\" \/>\n\t<meta property=\"og:image:type\" content=\"image\/jpeg\" \/>\n<meta name=\"twitter:card\" content=\"summary_large_image\" \/>\n<meta name=\"twitter:label1\" content=\"Est. reading time\" \/>\n\t<meta name=\"twitter:data1\" content=\"3 minutes\" \/>\n<script type=\"application\/ld+json\" class=\"yoast-schema-graph\">{\"@context\":\"https:\/\/schema.org\",\"@graph\":[{\"@type\":\"WebPage\",\"@id\":\"https:\/\/clinicasobrinoymarin.com\/en\/the-clinic\/\",\"url\":\"https:\/\/clinicasobrinoymarin.com\/en\/the-clinic\/\",\"name\":\"The Clinic | Dental Clinic Sobrino y Mar\u00edn\",\"isPartOf\":{\"@id\":\"https:\/\/clinicasobrinoymarin.com\/en\/#website\"},\"primaryImageOfPage\":{\"@id\":\"https:\/\/clinicasobrinoymarin.com\/en\/the-clinic\/#primaryimage\"},\"image\":{\"@id\":\"https:\/\/clinicasobrinoymarin.com\/en\/the-clinic\/#primaryimage\"},\"thumbnailUrl\":\"https:\/\/clinicasobrinoymarin.com\/wp-content\/uploads\/2024\/10\/Clinica-Dental-Valencia-recepcion.jpeg\",\"datePublished\":\"2024-10-02T16:30:54+00:00\",\"dateModified\":\"2026-01-07T08:47:34+00:00\",\"description\":\"Our mission is to provide you with high-quality dental treatments, focusing on health, aesthetics, and overall well-being.\",\"breadcrumb\":{\"@id\":\"https:\/\/clinicasobrinoymarin.com\/en\/the-clinic\/#breadcrumb\"},\"inLanguage\":\"en-US\",\"potentialAction\":[{\"@type\":\"ReadAction\",\"target\":[\"https:\/\/clinicasobrinoymarin.com\/en\/the-clinic\/\"]}]},{\"@type\":\"ImageObject\",\"inLanguage\":\"en-US\",\"@id\":\"https:\/\/clinicasobrinoymarin.com\/en\/the-clinic\/#primaryimage\",\"url\":\"https:\/\/clinicasobrinoymarin.com\/wp-content\/uploads\/2024\/10\/Clinica-Dental-Valencia-recepcion.jpeg\",\"contentUrl\":\"https:\/\/clinicasobrinoymarin.com\/wp-content\/uploads\/2024\/10\/Clinica-Dental-Valencia-recepcion.jpeg\",\"width\":2189,\"height\":1459,\"caption\":\"Reception area of the Sobrino y Mar\u00edn dental clinic with minimalist design in Valencia\"},{\"@type\":\"BreadcrumbList\",\"@id\":\"https:\/\/clinicasobrinoymarin.com\/en\/the-clinic\/#breadcrumb\",\"itemListElement\":[{\"@type\":\"ListItem\",\"position\":1,\"name\":\"Portada\",\"item\":\"https:\/\/clinicasobrinoymarin.com\/en\/\"},{\"@type\":\"ListItem\",\"position\":2,\"name\":\"The clinic\"}]},{\"@type\":\"WebSite\",\"@id\":\"https:\/\/clinicasobrinoymarin.com\/en\/#website\",\"url\":\"https:\/\/clinicasobrinoymarin.com\/en\/\",\"name\":\"Cl\u00ednica Dental Sobrino y Mar\u00edn\",\"description\":\"Sobrino &amp; Mar\u00edn. Odontolog\u00eda en Valencia. Ortodoncia, endodoncia, odontopediatr\u00eda, est\u00e9tica dental.\",\"publisher\":{\"@id\":\"https:\/\/clinicasobrinoymarin.com\/en\/#organization\"},\"alternateName\":\"Cl\u00ednica Dental Sobrino & Mar\u00edn\",\"potentialAction\":[{\"@type\":\"SearchAction\",\"target\":{\"@type\":\"EntryPoint\",\"urlTemplate\":\"https:\/\/clinicasobrinoymarin.com\/en\/?s={search_term_string}\"},\"query-input\":{\"@type\":\"PropertyValueSpecification\",\"valueRequired\":true,\"valueName\":\"search_term_string\"}}],\"inLanguage\":\"en-US\"},{\"@type\":\"Organization\",\"@id\":\"https:\/\/clinicasobrinoymarin.com\/en\/#organization\",\"name\":\"Cl\u00ednica Dental Sobrino y Mar\u00edn Valencia\",\"alternateName\":\"Cl\u00ednica Dental Sobrino & Mar\u00edn\",\"url\":\"https:\/\/clinicasobrinoymarin.com\/en\/\",\"logo\":{\"@type\":\"ImageObject\",\"inLanguage\":\"en-US\",\"@id\":\"https:\/\/clinicasobrinoymarin.com\/en\/#\/schema\/logo\/image\/\",\"url\":\"https:\/\/clinicasobrinoymarin.com\/wp-content\/uploads\/2024\/06\/PNG-Negro.png\",\"contentUrl\":\"https:\/\/clinicasobrinoymarin.com\/wp-content\/uploads\/2024\/06\/PNG-Negro.png\",\"width\":832,\"height\":702,\"caption\":\"Cl\u00ednica Dental Sobrino y Mar\u00edn Valencia\"},\"image\":{\"@id\":\"https:\/\/clinicasobrinoymarin.com\/en\/#\/schema\/logo\/image\/\"},\"sameAs\":[\"https:\/\/www.instagram.com\/clinicasobrinoymarin\/\"]}]}<\/script>\n<!-- \/ Yoast SEO plugin. -->","yoast_head_json":{"title":"The Clinic | Dental Clinic Sobrino y Mar\u00edn","description":"Our mission is to provide you with high-quality dental treatments, focusing on health, aesthetics, and overall well-being.","robots":{"index":"index","follow":"follow","max-snippet":"max-snippet:-1","max-image-preview":"max-image-preview:large","max-video-preview":"max-video-preview:-1"},"canonical":"https:\/\/clinicasobrinoymarin.com\/en\/the-clinic\/","og_locale":"en_US","og_type":"article","og_title":"The Clinic | Dental Clinic Sobrino y Mar\u00edn","og_description":"Our mission is to provide you with high-quality dental treatments, focusing on health, aesthetics, and overall well-being.","og_url":"https:\/\/clinicasobrinoymarin.com\/en\/the-clinic\/","og_site_name":"Cl\u00ednica Dental Sobrino y Mar\u00edn","article_modified_time":"2026-01-07T08:47:34+00:00","og_image":[{"width":2189,"height":1459,"url":"http:\/\/clinicasobrinoymarin.com\/wp-content\/uploads\/2024\/10\/Clinica-Dental-Valencia-recepcion.jpeg","type":"image\/jpeg"}],"twitter_card":"summary_large_image","twitter_misc":{"Est. reading time":"3 minutes"},"schema":{"@context":"https:\/\/schema.org","@graph":[{"@type":"WebPage","@id":"https:\/\/clinicasobrinoymarin.com\/en\/the-clinic\/","url":"https:\/\/clinicasobrinoymarin.com\/en\/the-clinic\/","name":"The Clinic | Dental Clinic Sobrino y Mar\u00edn","isPartOf":{"@id":"https:\/\/clinicasobrinoymarin.com\/en\/#website"},"primaryImageOfPage":{"@id":"https:\/\/clinicasobrinoymarin.com\/en\/the-clinic\/#primaryimage"},"image":{"@id":"https:\/\/clinicasobrinoymarin.com\/en\/the-clinic\/#primaryimage"},"thumbnailUrl":"https:\/\/clinicasobrinoymarin.com\/wp-content\/uploads\/2024\/10\/Clinica-Dental-Valencia-recepcion.jpeg","datePublished":"2024-10-02T16:30:54+00:00","dateModified":"2026-01-07T08:47:34+00:00","description":"Our mission is to provide you with high-quality dental treatments, focusing on health, aesthetics, and overall well-being.","breadcrumb":{"@id":"https:\/\/clinicasobrinoymarin.com\/en\/the-clinic\/#breadcrumb"},"inLanguage":"en-US","potentialAction":[{"@type":"ReadAction","target":["https:\/\/clinicasobrinoymarin.com\/en\/the-clinic\/"]}]},{"@type":"ImageObject","inLanguage":"en-US","@id":"https:\/\/clinicasobrinoymarin.com\/en\/the-clinic\/#primaryimage","url":"https:\/\/clinicasobrinoymarin.com\/wp-content\/uploads\/2024\/10\/Clinica-Dental-Valencia-recepcion.jpeg","contentUrl":"https:\/\/clinicasobrinoymarin.com\/wp-content\/uploads\/2024\/10\/Clinica-Dental-Valencia-recepcion.jpeg","width":2189,"height":1459,"caption":"Reception area of the Sobrino y Mar\u00edn dental clinic with minimalist design in Valencia"},{"@type":"BreadcrumbList","@id":"https:\/\/clinicasobrinoymarin.com\/en\/the-clinic\/#breadcrumb","itemListElement":[{"@type":"ListItem","position":1,"name":"Portada","item":"https:\/\/clinicasobrinoymarin.com\/en\/"},{"@type":"ListItem","position":2,"name":"The clinic"}]},{"@type":"WebSite","@id":"https:\/\/clinicasobrinoymarin.com\/en\/#website","url":"https:\/\/clinicasobrinoymarin.com\/en\/","name":"Cl\u00ednica Dental Sobrino y Mar\u00edn","description":"Sobrino &amp; Mar\u00edn. Odontolog\u00eda en Valencia. Ortodoncia, endodoncia, odontopediatr\u00eda, est\u00e9tica dental.","publisher":{"@id":"https:\/\/clinicasobrinoymarin.com\/en\/#organization"},"alternateName":"Cl\u00ednica Dental Sobrino & Mar\u00edn","potentialAction":[{"@type":"SearchAction","target":{"@type":"EntryPoint","urlTemplate":"https:\/\/clinicasobrinoymarin.com\/en\/?s={search_term_string}"},"query-input":{"@type":"PropertyValueSpecification","valueRequired":true,"valueName":"search_term_string"}}],"inLanguage":"en-US"},{"@type":"Organization","@id":"https:\/\/clinicasobrinoymarin.com\/en\/#organization","name":"Cl\u00ednica Dental Sobrino y Mar\u00edn Valencia","alternateName":"Cl\u00ednica Dental Sobrino & Mar\u00edn","url":"https:\/\/clinicasobrinoymarin.com\/en\/","logo":{"@type":"ImageObject","inLanguage":"en-US","@id":"https:\/\/clinicasobrinoymarin.com\/en\/#\/schema\/logo\/image\/","url":"https:\/\/clinicasobrinoymarin.com\/wp-content\/uploads\/2024\/06\/PNG-Negro.png","contentUrl":"https:\/\/clinicasobrinoymarin.com\/wp-content\/uploads\/2024\/06\/PNG-Negro.png","width":832,"height":702,"caption":"Cl\u00ednica Dental Sobrino y Mar\u00edn Valencia"},"image":{"@id":"https:\/\/clinicasobrinoymarin.com\/en\/#\/schema\/logo\/image\/"},"sameAs":["https:\/\/www.instagram.com\/clinicasobrinoymarin\/"]}]}},"_links":{"self":[{"href":"https:\/\/clinicasobrinoymarin.com\/en\/wp-json\/wp\/v2\/pages\/707","targetHints":{"allow":["GET"]}}],"collection":[{"href":"https:\/\/clinicasobrinoymarin.com\/en\/wp-json\/wp\/v2\/pages"}],"about":[{"href":"https:\/\/clinicasobrinoymarin.com\/en\/wp-json\/wp\/v2\/types\/page"}],"author":[{"embeddable":true,"href":"https:\/\/clinicasobrinoymarin.com\/en\/wp-json\/wp\/v2\/users\/2"}],"replies":[{"embeddable":true,"href":"https:\/\/clinicasobrinoymarin.com\/en\/wp-json\/wp\/v2\/comments?post=707"}],"version-history":[{"count":7,"href":"https:\/\/clinicasobrinoymarin.com\/en\/wp-json\/wp\/v2\/pages\/707\/revisions"}],"predecessor-version":[{"id":1459,"href":"https:\/\/clinicasobrinoymarin.com\/en\/wp-json\/wp\/v2\/pages\/707\/revisions\/1459"}],"wp:featuredmedia":[{"embeddable":true,"href":"https:\/\/clinicasobrinoymarin.com\/en\/wp-json\/wp\/v2\/media\/578"}],"wp:attachment":[{"href":"https:\/\/clinicasobrinoymarin.com\/en\/wp-json\/wp\/v2\/media?parent=707"}],"curies":[{"name":"wp","href":"https:\/\/api.w.org\/{rel}","templated":true}]}}