{"id":698,"date":"2024-10-03T12:58:53","date_gmt":"2024-10-03T10:58:53","guid":{"rendered":"https:\/\/clinicasobrinoymarin.com\/equipo-clinica-dental-sobrinomarin\/"},"modified":"2026-01-07T09:47:10","modified_gmt":"2026-01-07T08:47:10","slug":"team","status":"publish","type":"page","link":"https:\/\/clinicasobrinoymarin.com\/en\/team\/","title":{"rendered":"TEAM"},"content":{"rendered":"<div class=\"wpb-content-wrapper\">[vc_row css=&#8221;.vc_custom_1727954977726{background-image: url(http:\/\/clinicasobrinoymarin.com\/wp-content\/uploads\/2024\/10\/Clinica-Dental-Valencia-1.png?id=69) !important;background-position: center !important;background-repeat: no-repeat !important;background-size: cover !important;}&#8221;][vc_column][vc_column_text css_animation=&#8221;fadeInLeft&#8221; css=&#8221;.vc_custom_1729765688745{padding-top: 7% !important;padding-bottom: 7% !important;}&#8221;]\n<h1 class=\"thin-font\" style=\"text-align: center;\"><span style=\"font-size: 140%;\" data-text-color=\"success\">TEAM<\/span><\/h1>\n[\/vc_column_text][\/vc_column][\/vc_row][vc_row css=&#8221;.vc_custom_1727953312735{padding-top: 5% !important;padding-right: 10% !important;padding-left: 10% !important;}&#8221;][vc_column width=&#8221;1\/4&#8243;][vc_single_image image=&#8221;53&#8243; img_size=&#8221;full&#8221; alignment=&#8221;center&#8221;][\/vc_column][vc_column width=&#8221;3\/4&#8243;][vc_column_text]\n<h3>DRA EVA MAR\u00cdN<\/h3>\n<p>REGISTRATION NUMBER: 46004117<\/p>\n<p style=\"text-align: justify;\">I am Eva Mar\u00edn. I studied Dentistry in 2008 in my hometown, Granada. After completing my studies in 2013, I started working in Valencia, a city that captivated me and where I felt at home.<\/p>\n<p style=\"text-align: justify;\">I went to Madrid to continue my education, where I earned a <strong>Master&#8217;s in Periodontology and Oral Surgery<\/strong> from CEU San Pablo University and followed it with a <strong>Specialization Course<\/strong> in <strong>Implant Prosthetics<\/strong>.<\/p>\n<p style=\"text-align: justify;\">I decided to return to live in Valencia, and after many years of training and experience, the time has come for me to take care of my patients&#8217; health alongside someone who understands dentistry and life as I do.<\/p>\n<p style=\"text-align: justify;\">I love my job, and my goal is to provide our patients with quality and trustworthy dental care.<\/p>\n[\/vc_column_text][\/vc_column][\/vc_row][vc_row css=&#8221;.vc_custom_1727971091347{padding-top: 4% !important;padding-bottom: 4% !important;}&#8221;][vc_column width=&#8221;1\/3&#8243;][\/vc_column][vc_column width=&#8221;1\/3&#8243;][vc_single_image image=&#8221;80&#8243; img_size=&#8221;full&#8221; alignment=&#8221;center&#8221; css_animation=&#8221;fadeInLeft&#8221;][\/vc_column][vc_column width=&#8221;1\/3&#8243;][\/vc_column][\/vc_row][vc_row css=&#8221;.vc_custom_1727971136893{padding-right: 10% !important;padding-left: 10% !important;}&#8221;][vc_column width=&#8221;1\/4&#8243;][vc_single_image image=&#8221;78&#8243; img_size=&#8221;full&#8221; alignment=&#8221;center&#8221;][\/vc_column][vc_column width=&#8221;3\/4&#8243;][vc_column_text]\n<h3>DR MARIO SOBRINO<\/h3>\n<p>REGISTRATION NUMBER: 46005214<\/p>\n<p style=\"text-align: justify;\">I am Mario Sobrino, Galician by birth and by heart.<\/p>\n<p style=\"text-align: justify;\">I studied <strong>dentistry<\/strong> at CEU San Pablo University in Madrid and completed a <strong>Master&#8217;s in Advanced Endodontics<\/strong> at the European University, a two-year program focused exclusively on endodontics that culminated in the publication of my thesis in the journal <em>Springer<\/em>.<\/p>\n<p style=\"text-align: justify;\">My goal is to save teeth with maximum effectiveness, and I am now fulfilling my dream. I have always wanted to establish a <strong>dental clinic<\/strong> where I could work with the highest quality alongside a trusted team and with the latest technology.<\/p>\n[\/vc_column_text][\/vc_column][\/vc_row][vc_row css=&#8221;.vc_custom_1727971091347{padding-top: 4% !important;padding-bottom: 4% !important;}&#8221;][vc_column width=&#8221;1\/3&#8243;][\/vc_column][vc_column width=&#8221;1\/3&#8243;][vc_single_image image=&#8221;80&#8243; img_size=&#8221;full&#8221; alignment=&#8221;center&#8221; css_animation=&#8221;fadeInRight&#8221;][\/vc_column][vc_column width=&#8221;1\/3&#8243;][\/vc_column][\/vc_row][vc_row css=&#8221;.vc_custom_1727971346823{padding-right: 10% !important;padding-bottom: 5% !important;padding-left: 10% !important;}&#8221;][vc_column width=&#8221;1\/4&#8243;][vc_single_image image=&#8221;84&#8243; img_size=&#8221;full&#8221; alignment=&#8221;center&#8221;][\/vc_column][vc_column width=&#8221;3\/4&#8243;][vc_column_text]\n<h3>DRA BEL\u00c9N ESPARZA<\/h3>\n<p>REGISTRATION NUMBER: 46004682<\/p>\n<p>I am Bel\u00e9n, a specialist in pediatric dentistry and orthodontics. I focus on caring for the smiles of the little ones, with extensive training and experience in children&#8217;s dental treatment. My approach is based on prevention, education, and creating healthy habits from an early age.<\/p>\n<p>In the clinic, we ensure that each child feels comfortable and secure, tailoring each treatment to the specific needs of every patient, from babies to teenagers. We create a relaxed and fun environment so that visiting the dentist is a positive experience that they remember fondly.<\/p>\n<p>My commitment is to ensure that children develop a good relationship with dental care, promoting healthy smiles and oral hygiene habits for a lifetime.<\/p>\n<p>In the field of orthodontics, my goal is to help patients achieve their desired results effectively, with the solution that best fits their needs.[\/vc_column_text][\/vc_column][\/vc_row]\n<\/div>","protected":false},"excerpt":{"rendered":"[vc_row css=&#8221;.vc_custom_1727954977726{background-image: url(http:\/\/clinicasobrinoymarin.com\/wp-content\/uploads\/2024\/10\/Clinica-Dental-Valencia-1.png?id=69) !important;background-position: center !important;background-repeat: no-repeat !important;background-size: cover !important;}&#8221;][vc_column][vc_column_text css_animation=&#8221;fadeInLeft&#8221; css=&#8221;.vc_custom_1729765688745{padding-top: 7% !important;padding-bottom: 7% !important;}&#8221;] TEAM [\/vc_column_text][\/vc_column][\/vc_row][vc_row css=&#8221;.vc_custom_1727953312735{padding-top: 5% !important;padding-right: 10% !important;padding-left: 10% !important;}&#8221;][vc_column width=&#8221;1\/4&#8243;][vc_single_image image=&#8221;53&#8243; img_size=&#8221;full&#8221; alignment=&#8221;center&#8221;][\/vc_column][vc_column width=&#8221;3\/4&#8243;][vc_column_text] DRA EVA MAR\u00cdN REGISTRATION NUMBER: 46004117 I am Eva Mar\u00edn. I studied Dentistry in 2008 in my hometown, Granada. After completing my studies in 2013, [&#8230;]\n","protected":false},"author":2,"featured_media":524,"parent":0,"menu_order":0,"comment_status":"closed","ping_status":"closed","template":"page-blank.php","meta":{"footnotes":""},"class_list":["post-698","page","type-page","status-publish","has-post-thumbnail","hentry"],"yoast_head":"<!-- This site is optimized with the Yoast SEO plugin v25.8 - https:\/\/yoast.com\/wordpress\/plugins\/seo\/ -->\n<title>Team | Dental Clinic Sobrino y Mar\u00edn<\/title>\n<meta name=\"description\" content=\"Our mission is to provide you with high-quality dental treatments, focusing on health, aesthetics, and overall well-being.\" \/>\n<meta name=\"robots\" content=\"index, follow, max-snippet:-1, max-image-preview:large, max-video-preview:-1\" \/>\n<link rel=\"canonical\" href=\"https:\/\/clinicasobrinoymarin.com\/en\/team\/\" \/>\n<meta property=\"og:locale\" content=\"en_US\" \/>\n<meta property=\"og:type\" content=\"article\" \/>\n<meta property=\"og:title\" content=\"Team | Dental Clinic Sobrino y Mar\u00edn\" \/>\n<meta property=\"og:description\" content=\"Our mission is to provide you with high-quality dental treatments, focusing on health, aesthetics, and overall well-being.\" \/>\n<meta property=\"og:url\" content=\"https:\/\/clinicasobrinoymarin.com\/en\/team\/\" \/>\n<meta property=\"og:site_name\" content=\"Cl\u00ednica Dental Sobrino y Mar\u00edn\" \/>\n<meta property=\"article:modified_time\" content=\"2026-01-07T08:47:10+00:00\" \/>\n<meta property=\"og:image\" content=\"http:\/\/clinicasobrinoymarin.com\/wp-content\/uploads\/2024\/10\/Clinica-Dental-Valencia-Equipo-02.jpeg\" \/>\n\t<meta property=\"og:image:width\" content=\"1300\" \/>\n\t<meta property=\"og:image:height\" content=\"1950\" \/>\n\t<meta property=\"og:image:type\" content=\"image\/jpeg\" \/>\n<meta name=\"twitter:card\" content=\"summary_large_image\" \/>\n<meta name=\"twitter:label1\" content=\"Est. reading time\" \/>\n\t<meta name=\"twitter:data1\" content=\"4 minutes\" \/>\n<script type=\"application\/ld+json\" class=\"yoast-schema-graph\">{\"@context\":\"https:\/\/schema.org\",\"@graph\":[{\"@type\":\"WebPage\",\"@id\":\"https:\/\/clinicasobrinoymarin.com\/en\/team\/\",\"url\":\"https:\/\/clinicasobrinoymarin.com\/en\/team\/\",\"name\":\"Team | Dental Clinic Sobrino y Mar\u00edn\",\"isPartOf\":{\"@id\":\"https:\/\/clinicasobrinoymarin.com\/en\/#website\"},\"primaryImageOfPage\":{\"@id\":\"https:\/\/clinicasobrinoymarin.com\/en\/team\/#primaryimage\"},\"image\":{\"@id\":\"https:\/\/clinicasobrinoymarin.com\/en\/team\/#primaryimage\"},\"thumbnailUrl\":\"https:\/\/clinicasobrinoymarin.com\/wp-content\/uploads\/2024\/10\/Clinica-Dental-Valencia-Equipo-02.jpeg\",\"datePublished\":\"2024-10-03T10:58:53+00:00\",\"dateModified\":\"2026-01-07T08:47:10+00:00\",\"description\":\"Our mission is to provide you with high-quality dental treatments, focusing on health, aesthetics, and overall well-being.\",\"breadcrumb\":{\"@id\":\"https:\/\/clinicasobrinoymarin.com\/en\/team\/#breadcrumb\"},\"inLanguage\":\"en-US\",\"potentialAction\":[{\"@type\":\"ReadAction\",\"target\":[\"https:\/\/clinicasobrinoymarin.com\/en\/team\/\"]}]},{\"@type\":\"ImageObject\",\"inLanguage\":\"en-US\",\"@id\":\"https:\/\/clinicasobrinoymarin.com\/en\/team\/#primaryimage\",\"url\":\"https:\/\/clinicasobrinoymarin.com\/wp-content\/uploads\/2024\/10\/Clinica-Dental-Valencia-Equipo-02.jpeg\",\"contentUrl\":\"https:\/\/clinicasobrinoymarin.com\/wp-content\/uploads\/2024\/10\/Clinica-Dental-Valencia-Equipo-02.jpeg\",\"width\":1300,\"height\":1950,\"caption\":\"Doctor from the Sobrino y Mar\u00edn Dental Clinic team in Valencia.\"},{\"@type\":\"BreadcrumbList\",\"@id\":\"https:\/\/clinicasobrinoymarin.com\/en\/team\/#breadcrumb\",\"itemListElement\":[{\"@type\":\"ListItem\",\"position\":1,\"name\":\"Portada\",\"item\":\"https:\/\/clinicasobrinoymarin.com\/en\/\"},{\"@type\":\"ListItem\",\"position\":2,\"name\":\"TEAM\"}]},{\"@type\":\"WebSite\",\"@id\":\"https:\/\/clinicasobrinoymarin.com\/en\/#website\",\"url\":\"https:\/\/clinicasobrinoymarin.com\/en\/\",\"name\":\"Cl\u00ednica Dental Sobrino y Mar\u00edn\",\"description\":\"Sobrino &amp; Mar\u00edn. Odontolog\u00eda en Valencia. Ortodoncia, endodoncia, odontopediatr\u00eda, est\u00e9tica dental.\",\"publisher\":{\"@id\":\"https:\/\/clinicasobrinoymarin.com\/en\/#organization\"},\"alternateName\":\"Cl\u00ednica Dental Sobrino & Mar\u00edn\",\"potentialAction\":[{\"@type\":\"SearchAction\",\"target\":{\"@type\":\"EntryPoint\",\"urlTemplate\":\"https:\/\/clinicasobrinoymarin.com\/en\/?s={search_term_string}\"},\"query-input\":{\"@type\":\"PropertyValueSpecification\",\"valueRequired\":true,\"valueName\":\"search_term_string\"}}],\"inLanguage\":\"en-US\"},{\"@type\":\"Organization\",\"@id\":\"https:\/\/clinicasobrinoymarin.com\/en\/#organization\",\"name\":\"Cl\u00ednica Dental Sobrino y Mar\u00edn Valencia\",\"alternateName\":\"Cl\u00ednica Dental Sobrino & Mar\u00edn\",\"url\":\"https:\/\/clinicasobrinoymarin.com\/en\/\",\"logo\":{\"@type\":\"ImageObject\",\"inLanguage\":\"en-US\",\"@id\":\"https:\/\/clinicasobrinoymarin.com\/en\/#\/schema\/logo\/image\/\",\"url\":\"https:\/\/clinicasobrinoymarin.com\/wp-content\/uploads\/2024\/06\/PNG-Negro.png\",\"contentUrl\":\"https:\/\/clinicasobrinoymarin.com\/wp-content\/uploads\/2024\/06\/PNG-Negro.png\",\"width\":832,\"height\":702,\"caption\":\"Cl\u00ednica Dental Sobrino y Mar\u00edn Valencia\"},\"image\":{\"@id\":\"https:\/\/clinicasobrinoymarin.com\/en\/#\/schema\/logo\/image\/\"},\"sameAs\":[\"https:\/\/www.instagram.com\/clinicasobrinoymarin\/\"]}]}<\/script>\n<!-- \/ Yoast SEO plugin. -->","yoast_head_json":{"title":"Team | Dental Clinic Sobrino y Mar\u00edn","description":"Our mission is to provide you with high-quality dental treatments, focusing on health, aesthetics, and overall well-being.","robots":{"index":"index","follow":"follow","max-snippet":"max-snippet:-1","max-image-preview":"max-image-preview:large","max-video-preview":"max-video-preview:-1"},"canonical":"https:\/\/clinicasobrinoymarin.com\/en\/team\/","og_locale":"en_US","og_type":"article","og_title":"Team | Dental Clinic Sobrino y Mar\u00edn","og_description":"Our mission is to provide you with high-quality dental treatments, focusing on health, aesthetics, and overall well-being.","og_url":"https:\/\/clinicasobrinoymarin.com\/en\/team\/","og_site_name":"Cl\u00ednica Dental Sobrino y Mar\u00edn","article_modified_time":"2026-01-07T08:47:10+00:00","og_image":[{"width":1300,"height":1950,"url":"http:\/\/clinicasobrinoymarin.com\/wp-content\/uploads\/2024\/10\/Clinica-Dental-Valencia-Equipo-02.jpeg","type":"image\/jpeg"}],"twitter_card":"summary_large_image","twitter_misc":{"Est. reading time":"4 minutes"},"schema":{"@context":"https:\/\/schema.org","@graph":[{"@type":"WebPage","@id":"https:\/\/clinicasobrinoymarin.com\/en\/team\/","url":"https:\/\/clinicasobrinoymarin.com\/en\/team\/","name":"Team | Dental Clinic Sobrino y Mar\u00edn","isPartOf":{"@id":"https:\/\/clinicasobrinoymarin.com\/en\/#website"},"primaryImageOfPage":{"@id":"https:\/\/clinicasobrinoymarin.com\/en\/team\/#primaryimage"},"image":{"@id":"https:\/\/clinicasobrinoymarin.com\/en\/team\/#primaryimage"},"thumbnailUrl":"https:\/\/clinicasobrinoymarin.com\/wp-content\/uploads\/2024\/10\/Clinica-Dental-Valencia-Equipo-02.jpeg","datePublished":"2024-10-03T10:58:53+00:00","dateModified":"2026-01-07T08:47:10+00:00","description":"Our mission is to provide you with high-quality dental treatments, focusing on health, aesthetics, and overall well-being.","breadcrumb":{"@id":"https:\/\/clinicasobrinoymarin.com\/en\/team\/#breadcrumb"},"inLanguage":"en-US","potentialAction":[{"@type":"ReadAction","target":["https:\/\/clinicasobrinoymarin.com\/en\/team\/"]}]},{"@type":"ImageObject","inLanguage":"en-US","@id":"https:\/\/clinicasobrinoymarin.com\/en\/team\/#primaryimage","url":"https:\/\/clinicasobrinoymarin.com\/wp-content\/uploads\/2024\/10\/Clinica-Dental-Valencia-Equipo-02.jpeg","contentUrl":"https:\/\/clinicasobrinoymarin.com\/wp-content\/uploads\/2024\/10\/Clinica-Dental-Valencia-Equipo-02.jpeg","width":1300,"height":1950,"caption":"Doctor from the Sobrino y Mar\u00edn Dental Clinic team in Valencia."},{"@type":"BreadcrumbList","@id":"https:\/\/clinicasobrinoymarin.com\/en\/team\/#breadcrumb","itemListElement":[{"@type":"ListItem","position":1,"name":"Portada","item":"https:\/\/clinicasobrinoymarin.com\/en\/"},{"@type":"ListItem","position":2,"name":"TEAM"}]},{"@type":"WebSite","@id":"https:\/\/clinicasobrinoymarin.com\/en\/#website","url":"https:\/\/clinicasobrinoymarin.com\/en\/","name":"Cl\u00ednica Dental Sobrino y Mar\u00edn","description":"Sobrino &amp; Mar\u00edn. Odontolog\u00eda en Valencia. Ortodoncia, endodoncia, odontopediatr\u00eda, est\u00e9tica dental.","publisher":{"@id":"https:\/\/clinicasobrinoymarin.com\/en\/#organization"},"alternateName":"Cl\u00ednica Dental Sobrino & Mar\u00edn","potentialAction":[{"@type":"SearchAction","target":{"@type":"EntryPoint","urlTemplate":"https:\/\/clinicasobrinoymarin.com\/en\/?s={search_term_string}"},"query-input":{"@type":"PropertyValueSpecification","valueRequired":true,"valueName":"search_term_string"}}],"inLanguage":"en-US"},{"@type":"Organization","@id":"https:\/\/clinicasobrinoymarin.com\/en\/#organization","name":"Cl\u00ednica Dental Sobrino y Mar\u00edn Valencia","alternateName":"Cl\u00ednica Dental Sobrino & Mar\u00edn","url":"https:\/\/clinicasobrinoymarin.com\/en\/","logo":{"@type":"ImageObject","inLanguage":"en-US","@id":"https:\/\/clinicasobrinoymarin.com\/en\/#\/schema\/logo\/image\/","url":"https:\/\/clinicasobrinoymarin.com\/wp-content\/uploads\/2024\/06\/PNG-Negro.png","contentUrl":"https:\/\/clinicasobrinoymarin.com\/wp-content\/uploads\/2024\/06\/PNG-Negro.png","width":832,"height":702,"caption":"Cl\u00ednica Dental Sobrino y Mar\u00edn Valencia"},"image":{"@id":"https:\/\/clinicasobrinoymarin.com\/en\/#\/schema\/logo\/image\/"},"sameAs":["https:\/\/www.instagram.com\/clinicasobrinoymarin\/"]}]}},"_links":{"self":[{"href":"https:\/\/clinicasobrinoymarin.com\/en\/wp-json\/wp\/v2\/pages\/698","targetHints":{"allow":["GET"]}}],"collection":[{"href":"https:\/\/clinicasobrinoymarin.com\/en\/wp-json\/wp\/v2\/pages"}],"about":[{"href":"https:\/\/clinicasobrinoymarin.com\/en\/wp-json\/wp\/v2\/types\/page"}],"author":[{"embeddable":true,"href":"https:\/\/clinicasobrinoymarin.com\/en\/wp-json\/wp\/v2\/users\/2"}],"replies":[{"embeddable":true,"href":"https:\/\/clinicasobrinoymarin.com\/en\/wp-json\/wp\/v2\/comments?post=698"}],"version-history":[{"count":3,"href":"https:\/\/clinicasobrinoymarin.com\/en\/wp-json\/wp\/v2\/pages\/698\/revisions"}],"predecessor-version":[{"id":720,"href":"https:\/\/clinicasobrinoymarin.com\/en\/wp-json\/wp\/v2\/pages\/698\/revisions\/720"}],"wp:featuredmedia":[{"embeddable":true,"href":"https:\/\/clinicasobrinoymarin.com\/en\/wp-json\/wp\/v2\/media\/524"}],"wp:attachment":[{"href":"https:\/\/clinicasobrinoymarin.com\/en\/wp-json\/wp\/v2\/media?parent=698"}],"curies":[{"name":"wp","href":"https:\/\/api.w.org\/{rel}","templated":true}]}}